{"id":4518,"date":"2020-05-12T11:39:28","date_gmt":"2020-05-12T09:39:28","guid":{"rendered":"https:\/\/oceancoll.com\/privacy-policy\/"},"modified":"2020-10-19T14:25:20","modified_gmt":"2020-10-19T12:25:20","slug":"aviso-legal","status":"publish","type":"page","link":"https:\/\/oceancoll.com\/es\/aviso-legal\/","title":{"rendered":"Aviso legal"},"content":{"rendered":"\t\t<div data-elementor-type=\"wp-page\" data-elementor-id=\"4518\" class=\"elementor elementor-4518 elementor-3\" data-elementor-post-type=\"page\">\n\t\t\t\t\t\t<section class=\"elementor-section elementor-top-section elementor-element elementor-element-3fe92786 elementor-section-boxed elementor-section-height-default elementor-section-height-default\" data-id=\"3fe92786\" data-element_type=\"section\" data-e-type=\"section\">\n\t\t\t\t\t\t<div class=\"elementor-container elementor-column-gap-default\">\n\t\t\t\t\t<div class=\"elementor-column elementor-col-100 elementor-top-column elementor-element elementor-element-379fe774\" data-id=\"379fe774\" data-element_type=\"column\" data-e-type=\"column\">\n\t\t\t<div class=\"elementor-widget-wrap elementor-element-populated\">\n\t\t\t\t\t\t<div class=\"elementor-element elementor-element-5c57b965 elementor-widget elementor-widget-text-editor\" data-id=\"5c57b965\" data-element_type=\"widget\" data-e-type=\"widget\" data-widget_type=\"text-editor.default\">\n\t\t\t\t<div class=\"elementor-widget-container\">\n\t\t\t\t\t\t\t\t\t<p><\/p>\n<h2 class=\"wp-block-heading\">Aviso legal<\/h2>\n<p><\/p>\n<p><\/p>\n<p>BDF Natural Ingredients SL (en adelante <strong>Oceancoll<\/strong>)<strong>,<\/strong>\u00a0con domicilio en Cass\u00e0 de la Selva (Girona), Les Serres n\u00famero 22 a, y con C.I.F. n\u00famero,\u00a0B17581893\u00a0inscrita en el Registro Mercantil de Girona, Tomo 1366, Folio 186, Hoja n\u00famero GI-23133, titular de la direcci\u00f3n URL\u00a0<a href=\"http:\/\/www.oceancoll.com\">www.oceancoll.com<\/a>\u00a0y tel\u00e9fono de contacto\u00a0+34 872 200 111<\/p>\n<p>Como usuario, es importante que conozcas estos t\u00e9rminos antes de continuar tu navegaci\u00f3n.<\/p>\n<p>Como responsable de esta web, asumo el compromiso de procesar la informaci\u00f3n de mis usuarios y clientes con plenas garant\u00edas y cumplir con los requisitos nacionales y europeos que regulan la recopilaci\u00f3n y uso de los datos personales de mis usuarios.<\/p>\n<p>Esta web cumple rigurosamente con La Ley Org\u00e1nica 15\/1999, de 13 de diciembre, de Protecci\u00f3n de Datos de Car\u00e1cter Personal (LOPD), y con el Real Decreto 1720\/2007, de 21 de diciembre, conocido como el Reglamento de desarrollo de la LOPD. Cumple tambi\u00e9n con el Reglamento (UE) 2016\/679 del Parlamento Europeo y del Consejo de 27 de abril de 2016 relativo a la protecci\u00f3n de las personas f\u00edsicas (RGPD), as\u00ed como con la Ley 34\/2002, de 11 de julio, de Servicios de la Sociedad de la Informaci\u00f3n y Comercio Electr\u00f3nico (LSSICE \u00f3 LSSI).<\/p>\n<p>\u00a0<\/p>\n<p><\/p>\n<p><\/p>\n<h3 class=\"wp-block-heading\"><strong>Obligaciones de los usuarios<br \/><\/strong><\/h3>\n<p><\/p>\n<p><\/p>\n<p>El usuario queda informado, y acepta, que el acceso a la presente web no supone, en modo alguno, el inicio de una relaci\u00f3n comercial con\u00a0Oceancoll.\u00a0De esta forma, el usuario se compromete a utilizar el sitio web, sus servicios y contenidos sin contravenir la legislaci\u00f3n vigente, la buena fe y el orden p\u00fablico.<\/p>\n<p>Queda prohibido el uso de la web, con fines il\u00edcitos o lesivos, o que, de cualquier forma, puedan causar perjuicio o impedir el normal funcionamiento del sitio web. Respecto de los contenidos de esta web, se proh\u00edbe: Su reproducci\u00f3n, distribuci\u00f3n o modificaci\u00f3n, total o parcial, a menos que se cuente con mi autorizaci\u00f3n como leg\u00edtimo titular; Cualquier vulneraci\u00f3n de los derechos del prestador o de mi como leg\u00edtimo titular; Su utilizaci\u00f3n para fines comerciales o publicitarios.<\/p>\n<p>En la utilizaci\u00f3n de la web Oceancoll, el usuario se compromete a no llevar a cabo ninguna conducta que pudiera da\u00f1ar la imagen, los intereses y los derechos de Oceancoll o de terceros o que pudiera da\u00f1ar, inutilizar o sobrecargar el portal Oceancoll o que impidiera, de cualquier forma, la normal utilizaci\u00f3n de la web.<\/p>\n<p>No obstante, el usuario debe ser consciente de que las medidas de seguridad de los sistemas inform\u00e1ticos en Internet no son enteramente fiables y que, por tanto Oceancoll no puede garantizar la inexistencia de malware u otros elementos que puedan producir alteraciones en los sistemas inform\u00e1ticos (software y hardware) del usuario o en sus documentos electr\u00f3nicos y ficheros contenidos en los mismos, aunque pongo todos los medios necesarios y las medidas de seguridad oportunas para evitar la presencia de estos elementos da\u00f1inos.<\/p>\n<p>\u00a0<\/p>\n<p><\/p>\n<p><\/p>\n<h3 class=\"wp-block-heading\"><strong>Datos de car\u00e1cter personal<br \/><\/strong><\/h3>\n<p><\/p>\n<p><\/p>\n<p>Oceancoll\u00a0cumple \u00edntegramente con la legislaci\u00f3n vigente en materia de protecci\u00f3n de datos de car\u00e1cter personal y con los compromisos de confidencialidad propios de su actividad.\u00a0Oceancoll\u00a0ha adoptado las medidas t\u00e9cnicas necesarias para mantener el nivel de seguridad requerido, seg\u00fan la naturaleza de los datos personales tratados y las circunstancias del tratamiento, con el objeto de evitar, en la medida de lo posible y siempre seg\u00fan el estado de la t\u00e9cnica, su alteraci\u00f3n, p\u00e9rdida, tratamiento o acceso no autorizado.<\/p>\n<p>Oceancoll\u00a0dispone de una Pol\u00edtica de Privacidad donde describe, con detalle, nuestros esfuerzos por la transparencia y la seguridad de la informaci\u00f3n que manejamos.<\/p>\n<p>\u00a0<\/p>\n<p><\/p>\n<p><\/p>\n<h3 class=\"wp-block-heading\"><strong>Propiedad intelectual e industrial<br \/><\/strong><\/h3>\n<p><\/p>\n<p><\/p>\n<p>Todas las marcas, nombres comerciales o signos distintivos de cualquier clase que aparecen en la p\u00e1gina web son propiedad de Oceancoll o de terceros autorizados, sin que pueda entenderse que el uso o acceso a la p\u00e1gina web atribuya al Usuario derecho sobre las citadas marcas, nombres comerciales y\/o signos distintivos.<\/p>\n<p>Asimismo, los Contenidos son propiedad intelectual de Oceancoll o de terceros, sin que puedan entenderse cedidos al Usuario, en virtud de lo establecido en la pol\u00edtica de privacidad.<\/p>\n<p>\u00a0<\/p>\n<p><\/p>\n<p><\/p>\n<h3 class=\"wp-block-heading\"><strong>Responsabilidades<br \/><\/strong><\/h3>\n<p><\/p>\n<p><\/p>\n<p>Oceancoll\u00a0no se responsabiliza de los da\u00f1os o perjuicios de cualquier tipo producidos en el Usuario que traigan causa de fallos o desconexiones en las redes de telecomunicaciones que produzcan la suspensi\u00f3n, cancelaci\u00f3n o interrupci\u00f3n del servicio de la p\u00e1gina web durante la prestaci\u00f3n del mismo o con car\u00e1cter previo.<\/p>\n<p>Oceancoll\u00a0no es responsable de la informaci\u00f3n y dem\u00e1s contenidos integrados en espacios o p\u00e1ginas web de terceros accesibles desde el portal de Oceancoll\u00a0mediante enlaces, hiperv\u00ednculos o links, ni de la informaci\u00f3n y dem\u00e1s contenidos integrados en espacios o p\u00e1ginas web de terceros desde los que se acceda mediante enlaces, hiperv\u00ednculos o links al portal de Oceancoll\u00a0o a cualquiera de sus p\u00e1ginas web, ni de la informaci\u00f3n y contenidos de cualquier p\u00e1gina web de terceros que se presente bajo la apariencia o signos distintivos de Oceancoll, salvo autorizaci\u00f3n expresa de esta \u00faltima.<\/p>\n<p>Oceancoll\u00a0tampoco asume responsabilidad alguna por da\u00f1os, perjuicios, p\u00e9rdidas, reclamaciones o gastos, producidos por:<\/p>\n<ol>\n<li>Interferencias, interrupciones, fallos, omisiones, aver\u00edas telef\u00f3nicas, retrasos, bloqueos o desconexiones en el funcionamiento del sistema electr\u00f3nico, motivadas por deficiencias, sobrecargas y errores en las l\u00edneas y redes de telecomunicaciones, o por cualquier otra causa ajena al control de\u00a0Oceancoll.<\/li>\n<li>Intromisiones ileg\u00edtimas mediante el uso de programas malignos de cualquier tipo y a trav\u00e9s de cualquier medio de comunicaci\u00f3n, tales como virus inform\u00e1ticos\u2026.<\/li>\n<\/ol>\n<ul>\n<li>Uso indebido o inadecuado de las p\u00e1ginas web de\u00a0Oceancoll.<\/li>\n<\/ul>\n<ol>\n<li>Errores de seguridad o navegaci\u00f3n producidos por un mal funcionamiento del navegador o por el uso de versiones no actualizadas del mismo.<\/li>\n<\/ol>\n<p>\u00a0<\/p>\n<p><\/p>\n<p><\/p>\n<h3 class=\"wp-block-heading\"><strong>Ley aplicable<br \/><\/strong><\/h3>\n<p><\/p>\n<p><\/p>\n<p>Este aviso legal se rige en todos y cada uno de sus extremos por la ley espa\u00f1ola, y el Nuevo Reglamento Europeo de protecci\u00f3n de datos 679\/2016.<\/p>\n<p>Para la resoluci\u00f3n de cualquier conflicto que pudiera derivarse del acceso a la p\u00e1gina web, el Usuario y\u00a0Oceancoll\u00a0acuerdan someterse expresamente a los juzgados y tribunales de la ciudad de Girona, con renuncia a cualquier otro fuero general o especial que les pudiera corresponder.<\/p>\n<p>En las presentes condiciones se les aplicar\u00e1 tambi\u00e9n la Ley 34 \/2002 de 11 de julio de Servicios de la Informaci\u00f3n y Correo Electr\u00f3nico.<\/p>\n<p>\u00a0<\/p>\n<p><\/p>\n<p><\/p>\n<div class=\"wp-block-spacer\" style=\"height: 100px;\" aria-hidden=\"true\">\u00a0<\/div>\n<p><\/p>\n<p><\/p>\n<hr class=\"wp-block-separator is-style-wide\" \/>\n<p><\/p>\n<p><\/p>\n<div class=\"wp-block-spacer\" style=\"height: 100px;\" aria-hidden=\"true\">\u00a0<\/div>\n<p><\/p>\n<p><\/p>\n<h2 class=\"wp-block-heading\"><strong>Pol\u00edtica de Privacidad<br \/><\/strong><\/h2>\n<p><\/p>\n<p><\/p>\n<p>BDF Natural Ingredients SL (en adelante <strong>Oceancoll<\/strong>), en cumplimiento con el Reglamento Europeo de protecci\u00f3n de datos 679\/2016, garantiza la protecci\u00f3n y la confidencialidad de los datos personales de cualquier tipo, que nos proporcionen nuestros clientes, \u201cusuarios\u201d, en la Web.<\/p>\n<p><\/p>\n<p><\/p>\n<h3 class=\"wp-block-heading\"><strong>Informaci\u00f3n\u00a0b\u00e1sica<br \/><\/strong><\/h3>\n<p><\/p>\n<p><\/p>\n<p>En virtud del art\u00edculo 13 del Reglamento Europeo de Protecci\u00f3n de Datos (RGPD),\u00a0Oceancoll<strong>,\u00a0<\/strong>como responsable del tratamiento, le informa de los siguientes aspectos relevantes:<\/p>\n<table width=\"100%\">\n<tbody>\n<tr>\n<td width=\"20%\">\n<p><strong>Responsable del Tratamiento<\/strong><\/p>\n<\/td>\n<td width=\"79%\">\n<p><strong>Oceancoll<\/strong><\/p>\n<\/td>\n<\/tr>\n<tr>\n<td width=\"20%\">\n<p>Finalidad<\/p>\n<\/td>\n<td width=\"79%\">\n<p>La informaci\u00f3n que nos facilitan las personas interesadas las tratamos con el fin de gestionar el env\u00edo de la informaci\u00f3n que nos soliciten, y facilitar a los interesados ofertas de productos y servicios de su inter\u00e9s.<\/p>\n<p>Los datos proporcionados se conservar\u00e1n mientras se mantenga una relaci\u00f3n mercantil y no se solicite su supresi\u00f3n.<\/p>\n<\/td>\n<\/tr>\n<tr>\n<td width=\"20%\">\n<p>Ejercicio de Derechos<\/p>\n<\/td>\n<td width=\"79%\">\n<p>Dirigirse a: <a href=\"&#109;&#x61;i&#x6c;t&#111;&#x3a;&#105;&#x6e;f&#111;&#x40;&#111;&#x63;e&#x61;&#x6e;&#99;&#x6f;l&#x6c;&#46;&#99;&#x6f;&#109;\">&#x69;&#x6e;&#102;&#111;&#64;&#x6f;&#x63;&#x65;&#97;nc&#x6f;&#x6c;&#108;&#46;c&#x6f;&#x6d;<\/a><\/p>\n<\/td>\n<\/tr>\n<tr>\n<td width=\"20%\">\n<p>Desistimiento<\/p>\n<\/td>\n<td width=\"79%\">\n<p>Gratuito<\/p>\n<\/td>\n<\/tr>\n<tr>\n<td width=\"20%\">\n<p>Destinatarios<\/p>\n<\/td>\n<td width=\"79%\">\n<p>No se ceder\u00e1n datos a terceros salvo obligaci\u00f3n legal.<\/p>\n<\/td>\n<\/tr>\n<tr>\n<td width=\"20%\">\n<p>Reclamaci\u00f3n<\/p>\n<\/td>\n<td width=\"79%\">\n<p>Autoridad de Control Espa\u00f1ola<\/p>\n<\/td>\n<\/tr>\n<tr>\n<td width=\"20%\">\n<p>Informaci\u00f3n adicional<\/p>\n<\/td>\n<td width=\"79%\">\n<p>Puede encontrar informaci\u00f3n adicional detallada sobre protecci\u00f3n y privacidad de datos en <a href=\"http:\/\/www.oceancoll.com\">www.oceancoll.com<\/a> \u00a0<\/p>\n<\/td>\n<\/tr>\n<\/tbody>\n<\/table>\n<p><\/p>\n<p><\/p>\n<p><\/p>\n<p><\/p>\n<h3 class=\"wp-block-heading\"><strong>Informaci\u00f3n Adicional<br \/><\/strong><\/h3>\n<p><\/p>\n<p><\/p>\n<p>Oceancoll,<strong>\u00a0<\/strong>es el responsable del tratamiento de datos personales que recaba y trata, poniendo a su disposici\u00f3n los siguientes medios de comunicaci\u00f3n para su puesta en contacto a:<\/p>\n<p>BDF Natural Ingredients SL con NIF B17581893 con Domicilio en la Calle Les Serres, n\u00famero 22 17244-Cass\u00e0 de la Selva y correo electr\u00f3nico:\u00a0<a href=\"&#109;&#x61;i&#x6c;t&#111;&#x3a;&#105;&#x6e;f&#111;&#x40;&#111;&#x63;e&#x61;&#x6e;&#99;&#x6f;l&#x6c;&#46;&#99;&#x6f;&#109;\">&#x69;&#110;&#x66;&#x6f;&#64;&#x6f;&#99;e&#x61;&#110;c&#x6f;&#108;&#x6c;&#x2e;c&#x6f;&#109;<\/a><\/p>\n<p>\u00a0<\/p>\n<p><\/p>\n<p><\/p>\n<h3 class=\"wp-block-heading\"><strong>Alcance de la Pol\u00edtica<br \/><\/strong><\/h3>\n<p><\/p>\n<p><\/p>\n<p>Cuando accede y utiliza nuestra p\u00e1gina Web <a href=\"http:\/\/www.bindly.eu\" target=\"_blank\" rel=\"noopener\">www.oceancoll.com<\/a> se compromete a aceptar esta pol\u00edtica de privacidad, as\u00ed como las disposiciones contenidas en el Aviso Legal y pol\u00edtica de Cookies.<\/p>\n<p>En\u00a0Oceancoll<strong>\u00a0<\/strong>le proporcionamos la informaci\u00f3n para que con car\u00e1cter previo a la documentaci\u00f3n de sus datos personales pueda acceder a la Pol\u00edtica de Privacidad y a cualquier otra informaci\u00f3n relevante en materia de Protecci\u00f3n de datos.<\/p>\n<p>As\u00ed mismo, la presente pol\u00edtica sirve para facilitar informaci\u00f3n adicional de segundo nivel, de aquellas cl\u00e1usulas informativas que redirigen a \u00e9sta, con tal finalidad.<\/p>\n<p>\u00a0<\/p>\n<p><\/p>\n<p><\/p>\n<h3 class=\"wp-block-heading\"><strong><strong>Finalidad del Tratamiento<br \/><\/strong><\/strong><\/h3>\n<p><\/p>\n<p><\/p>\n<p>Oceancoll tratar\u00e1 la informaci\u00f3n que nos proporcione con las siguientes finalidades:<\/p>\n<ul>\n<li>Gestionar cualquier tipo de solicitud, sugerencia o petici\u00f3n\u00a0sobre nuestros servicios profesionales que nos formule.<\/li>\n<li>Comunicaciones comerciales:\u00a0Tratamiento de sus datos con la finalidad de informarle de art\u00edculos de inter\u00e9s e informaci\u00f3n general sobre nuestros servicios v\u00eda correo electr\u00f3nico.<\/li>\n<li>Gestiones administrativas, contables y fiscales.<\/li>\n<li>Gestionar datos aportados por los candidatos a un puesto de trabajo a trav\u00e9s de Curr\u00edculum Vitae (CV), con la finalidad del proceso de selecci\u00f3n. Usted autoriza expresamente a\u00a0Oceancoll<strong>\u00a0<\/strong>para que proceda al tratamiento de sus datos para la finalidad indicada.<\/li>\n<\/ul>\n<p>Oceancoll tratar\u00e1 sus datos e informaci\u00f3n aportada para los procesos de selecci\u00f3n con la m\u00e1s estricta confidencialidad, adoptando para ello las medidas t\u00e9cnicas y organizativas necesarias para evitar la p\u00e9rdida, mal uso, alteraci\u00f3n y\/o acceso no autorizado.<\/p>\n<p><\/p>\n<p><\/p>\n<h3 class=\"wp-block-heading\"><strong><strong><strong>Plazo de conservaci\u00f3n de sus datos<\/strong><\/strong><\/strong><\/h3>\n<p><\/p>\n<p><\/p>\n<div class=\"wp-block-group\"><div class=\"wp-block-group__inner-container\">\n<div class=\"wp-block-group__inner-container is-layout-flow wp-block-group-is-layout-flow\">\n<p><\/p>\n<p>El periodo de conservaci\u00f3n de los datos personales variar\u00e1 en funci\u00f3n del servicio que pueda llegar a contratar o prestar.<\/p>\n<p>En cualquier caso, ser\u00e1 el m\u00ednimo necesario, pudiendo mantenerse seg\u00fan las circunstancias que se apliquen en cada caso, y la legislaci\u00f3n vigente.<\/p>\n<p><strong>Legitimaci\u00f3n<\/strong><\/p>\n<p>La base legal para el tratamiento de los datos es el consentimiento de las personas interesadas para la tramitaci\u00f3n y gesti\u00f3n de cualquier solicitud de informaci\u00f3n o consulta sobre nuestros servicios profesionales, as\u00ed como para el env\u00edo de comunicaciones comerciales llevadas a cabo por\u00a0Oceancoll\u00a0y cuando el tratamiento sea necesario para la ejecuci\u00f3n de un contrato.<\/p>\n<br \/>\n<p><\/p>\n<p><\/p>\n<p><strong>Procedencia de los datos<\/strong><\/p>\n<p>Todos los datos personales que tratamos a trav\u00e9s de nuestra p\u00e1gina web proceden directamente del propio interesado.<\/p>\n<p>Oceancoll,\u00a0en cumplimiento con la normativa europea de protecci\u00f3n de datos -com\u00fanmente denominado RGPD-, le informa de los derechos que ostenta como titular y afectado de los datos personales que recabamos y tratamos, incluy\u00e9ndose los siguientes derechos:<\/p>\n<ul>\n<li>Tiene derecho a desistir de forma gratuita y en cualquier momento del consentimiento otorgado para el tratamiento de sus datos personales.<\/li>\n<li>Tiene reconocido el derecho de acceso a sus datos personales as\u00ed como el derecho a rectificaci\u00f3n de aquellos.<\/li>\n<li>Tiene derecho a oponerse al procesamiento de sus datos personales, as\u00ed como el derecho a supresi\u00f3n, com\u00fanmente denominado, derecho al olvido. De igual forma, tiene derecho a oponerse al tratamiento para decisiones individuales automatizadas.<\/li>\n<li>Tiene derecho a obtener la limitaci\u00f3n del tratamiento de datos personales.<\/li>\n<li>Tiene derecho a solicitar la portabilidad de sus datos personales.<\/li>\n<li>Tiene derecho a presentar una queja a la Autoridad de control en de protecci\u00f3n de datos que corresponda, siendo la Agencia Espa\u00f1ola de Protecci\u00f3n de Datos (<a href=\"http:\/\/www.agpd.es\/\" target=\"_blank\" rel=\"noopener\">www.agpd.es<\/a>).<\/li>\n<\/ul>\n<p>Los precedentes derechos reconocidos los podr\u00e1 ejercitar mediante solicitud dirigida a trav\u00e9s de correo &#x65;&#x6c;&#101;&#99;tr\u00f3&#x6e;&#105;co\u00a0&#x69;&#110;&#102;o&#x40;&#x62;&#x64;&#102;&#105;n&#x67;&#x72;&#x65;&#100;&#105;en&#x74;&#x73;&#x2e;&#99;om\u00a0o a trav\u00e9s de los medios de contacto que ponemos a su disposici\u00f3n indicando en el asunto del mensaje o comunicaci\u00f3n la referencia: Derechos GDPR. As\u00ed mismo, en caso que para poder cursar dicha solicitud precisemos de informaci\u00f3n adicional que permita acreditar la identidad de la persona ejerciente y vinculada al tratamiento de datos personales, se requerir\u00e1 la aportaci\u00f3n de informaci\u00f3n adicional o documental que acredite dicha identidad del afectado o interesado que ejerza el derecho en cuesti\u00f3n.<\/p>\n<br \/>\n<p><\/p>\n<p><\/p>\n<h3 class=\"wp-block-heading\"><strong><strong><strong><strong><strong><strong><strong>Desistimiento<br \/><\/strong><\/strong><\/strong><\/strong><\/strong><\/strong><\/strong><\/h3>\n<p><\/p>\n<\/div>\n<\/div><\/div>\n<p><\/p>\n<p><\/p>\n<p>Oceancoll, en virtud de la Directiva 2002\/58\/CE en relaci\u00f3n a los servicios de la sociedad de la informaci\u00f3n y la posibilidad de remitir comunicaciones promocionales o publicitarias por medios electr\u00f3nicos, incorpora o facilita a los destinatarios de dichas comunicaciones mecanismos, sencillos y gratuitos, para desistir del consentimiento otorgado para la finalidad del env\u00edo de aquellas, cumpliendo \u00edntegramente con la normativa europea y nacional sobre la materia referida.<\/p>\n<p><\/p>\n<p><\/p>\n<h3 class=\"wp-block-heading\"><strong>Medidas de Seguridad<br \/><\/strong><\/h3>\n<p><\/p>\n<p><\/p>\n<p>Oceancoll,<strong>\u00a0<\/strong>adopta medidas organizativas y t\u00e9cnicas con la finalidad de garantizar la seguridad de los datos de car\u00e1cter personal y evitar su alteraci\u00f3n, p\u00e9rdida, tratamiento o acceso no autorizado, habida cuenta del estado de la tecnolog\u00eda, la naturaleza de los datos almacenados y los riesgos a que est\u00e1n expuestos, ya provengan de la acci\u00f3n humana o del medio f\u00edsico o natural.<\/p>\n<p><\/p>\n<p><\/p>\n<h3 class=\"wp-block-heading\"><strong>Pol\u00edtica de Cookies<br \/><br \/><\/strong><\/h3>\n<p><\/p>\n<p><\/p>\n<p>Una &#8220;Cookie&#8221; es un peque\u00f1o archivo que se almacena en el ordenador del usuario y nos permite reconocerle. El conjunto de &#8220;cookies&#8221; nos ayuda a mejorar la calidad de nuestra web, permiti\u00e9ndonos controlar qu\u00e9 p\u00e1ginas encuentran nuestros usuarios \u00fatiles y cu\u00e1les no.<\/p>\n<p>Las cookies son esenciales para el funcionamiento de internet, aportando innumerables ventajas en la prestaci\u00f3n de servicios interactivos, facilit\u00e1ndole la navegaci\u00f3n y usabilidad de nuestra web. Tenga en cuenta que las cookies no pueden da\u00f1ar su equipo y el que est\u00e9n activadas nos ayudan a identificar y resolver los errores.<\/p>\n<p>\u00a0<\/p>\n<p><\/p>\n<p><\/p>\n<h3 class=\"wp-block-heading\"><strong><strong><strong>Aviso de violaci\u00f3n de datos personales<br \/><\/strong><\/strong><\/strong><\/h3>\n<p><\/p>\n<p><\/p>\n<p>En el caso de que sus datos se vean comprometidos, Oceancoll le notificar\u00e1 a usted y a las autoridades supervisoras competentes en un plazo de 72 horas por correo electr\u00f3nico con informaci\u00f3n sobre el alcance de la violaci\u00f3n, los datos afectados, cualquier impacto en el servicio y el plan de acci\u00f3n de Oceancoll con las medidas para proteger los datos y limitar cualquier posible efecto negativo en los interesados.<\/p>\n<p>La &#8220;infracci\u00f3n de datos personales&#8221; hace referencia a una violaci\u00f3n de la seguridad que conduce a la destrucci\u00f3n, p\u00e9rdida, alteraci\u00f3n, divulgaci\u00f3n no autorizada o acceso, accidental o ilegal, a los datos personales transmitidos, almacenados o procesados relacionados con la prestaci\u00f3n del Servicio.<\/p>\n<p><strong>Dudas y Modificaciones<\/strong><\/p>\n<p>Si tiene alguna pregunta sobre la presente Pol\u00edtica de Privacidad, le rogamos que se ponga en contacto con nosotros enviando un correo electr\u00f3nico a la direcci\u00f3n &#105;&#x6e;&#102;&#x6f;&#64;&#x4f;&#99;&#x65;a&#x6e;c&#x6f;l&#x6c;&#46;&#101;&#x75;<\/p>\n<p><\/p>\n<p><\/p>\n<p><\/p>\n<p><\/p>\n<h6>Esta Pol\u00edtica de Privacidad ha sido actualizada por \u00faltima vez el 17 de junio de 2020.<\/h6>\n<p><\/p>\t\t\t\t\t\t\t\t<\/div>\n\t\t\t\t<\/div>\n\t\t\t\t\t<\/div>\n\t\t<\/div>\n\t\t\t\t\t<\/div>\n\t\t<\/section>\n\t\t\t\t<\/div>\n\t\t","protected":false},"excerpt":{"rendered":"<p>Aviso legal BDF Natural Ingredients SL (en adelante Oceancoll),\u00a0con domicilio en Cass\u00e0 de la Selva (Girona), Les Serres n\u00famero 22 a, y con C.I.F. n\u00famero,\u00a0B17581893\u00a0inscrita en el Registro Mercantil de Girona, Tomo 1366, Folio 186, Hoja n\u00famero GI-23133, titular de la direcci\u00f3n URL\u00a0www.oceancoll.com\u00a0y tel\u00e9fono de contacto\u00a0+34 872 200 111 Como usuario, es importante que conozcas [&hellip;]<\/p>\n","protected":false},"author":5,"featured_media":4519,"parent":0,"menu_order":0,"comment_status":"closed","ping_status":"closed","template":"","meta":{"footnotes":""},"class_list":["post-4518","page","type-page","status-publish","has-post-thumbnail","hentry","article","article--blog-post"],"_links":{"self":[{"href":"https:\/\/oceancoll.com\/es\/wp-json\/wp\/v2\/pages\/4518","targetHints":{"allow":["GET"]}}],"collection":[{"href":"https:\/\/oceancoll.com\/es\/wp-json\/wp\/v2\/pages"}],"about":[{"href":"https:\/\/oceancoll.com\/es\/wp-json\/wp\/v2\/types\/page"}],"author":[{"embeddable":true,"href":"https:\/\/oceancoll.com\/es\/wp-json\/wp\/v2\/users\/5"}],"replies":[{"embeddable":true,"href":"https:\/\/oceancoll.com\/es\/wp-json\/wp\/v2\/comments?post=4518"}],"version-history":[{"count":5,"href":"https:\/\/oceancoll.com\/es\/wp-json\/wp\/v2\/pages\/4518\/revisions"}],"predecessor-version":[{"id":4704,"href":"https:\/\/oceancoll.com\/es\/wp-json\/wp\/v2\/pages\/4518\/revisions\/4704"}],"wp:featuredmedia":[{"embeddable":true,"href":"https:\/\/oceancoll.com\/es\/wp-json\/wp\/v2\/media\/4519"}],"wp:attachment":[{"href":"https:\/\/oceancoll.com\/es\/wp-json\/wp\/v2\/media?parent=4518"}],"curies":[{"name":"wp","href":"https:\/\/api.w.org\/{rel}","templated":true}]}}