{"id":4522,"date":"2020-07-01T13:03:31","date_gmt":"2020-07-01T11:03:31","guid":{"rendered":"https:\/\/oceancoll.com\/cookies-policy\/"},"modified":"2021-06-23T17:32:19","modified_gmt":"2021-06-23T15:32:19","slug":"politica-cookies","status":"publish","type":"page","link":"https:\/\/oceancoll.com\/es\/politica-cookies\/","title":{"rendered":"Pol\u00edtica de cookies"},"content":{"rendered":"\t\t<div data-elementor-type=\"wp-page\" data-elementor-id=\"4522\" class=\"elementor elementor-4522 elementor-4340\" data-elementor-post-type=\"page\">\n\t\t\t\t\t\t<section class=\"elementor-section elementor-top-section elementor-element elementor-element-186dbe2 elementor-section-full_width elementor-section-height-default elementor-section-height-default\" data-id=\"186dbe2\" data-element_type=\"section\" data-e-type=\"section\" data-settings=\"{&quot;background_background&quot;:&quot;classic&quot;}\">\n\t\t\t\t\t\t<div class=\"elementor-container elementor-column-gap-no\">\n\t\t\t\t\t<div class=\"elementor-column elementor-col-100 elementor-top-column elementor-element elementor-element-f2a89e7\" data-id=\"f2a89e7\" data-element_type=\"column\" data-e-type=\"column\">\n\t\t\t<div class=\"elementor-widget-wrap elementor-element-populated\">\n\t\t\t\t\t\t<div class=\"elementor-element elementor-element-8afd5ac elementor-widget elementor-widget-heading\" data-id=\"8afd5ac\" data-element_type=\"widget\" data-e-type=\"widget\" data-widget_type=\"heading.default\">\n\t\t\t\t<div class=\"elementor-widget-container\">\n\t\t\t\t\t<h1 class=\"elementor-heading-title elementor-size-default\">Pol\u00edtica de cookies<\/h1>\t\t\t\t<\/div>\n\t\t\t\t<\/div>\n\t\t\t\t\t<\/div>\n\t\t<\/div>\n\t\t\t\t\t<\/div>\n\t\t<\/section>\n\t\t\t\t<section class=\"elementor-section elementor-top-section elementor-element elementor-element-3fe92786 elementor-section-boxed elementor-section-height-default elementor-section-height-default\" data-id=\"3fe92786\" data-element_type=\"section\" data-e-type=\"section\">\n\t\t\t\t\t\t<div class=\"elementor-container elementor-column-gap-default\">\n\t\t\t\t\t<div class=\"elementor-column elementor-col-100 elementor-top-column elementor-element elementor-element-379fe774\" data-id=\"379fe774\" data-element_type=\"column\" data-e-type=\"column\">\n\t\t\t<div class=\"elementor-widget-wrap elementor-element-populated\">\n\t\t\t\t\t\t<div class=\"elementor-element elementor-element-5c57b965 elementor-widget elementor-widget-text-editor\" data-id=\"5c57b965\" data-element_type=\"widget\" data-e-type=\"widget\" data-widget_type=\"text-editor.default\">\n\t\t\t\t<div class=\"elementor-widget-container\">\n\t\t\t\t\t\t\t\t\t<p><\/p>\n<p><\/p>\n<p><\/p>\n<p>En cumplimiento con lo dispuesto en el art\u00edculo 22.2 de la Ley 34\/2002, de 11 de julio, de Servicios de la Sociedad de la Informaci\u00f3n y de Comercio Electr\u00f3nico, en esta secci\u00f3n, se informa sobre la pol\u00edtica de recogida y tratamiento de cookies.<\/p>\n<p>Al entrar en esta web ya has sido informado sobre la utilizaci\u00f3n de las cookies a trav\u00e9s de un aviso o alerta. Si has accedido y sigues navegando, est\u00e1s aceptando la instalaci\u00f3n de estas cookies.<\/p>\n<p><strong>\u00a0<\/strong><\/p>\n<p><strong>\u00bfQu\u00e9 son las cookies?<\/strong><\/p>\n<p>Una cookie es un fichero que se descarga en tu ordenador o equipo al acceder a determinadas p\u00e1ginas web. Las cookies permiten a una p\u00e1gina web, entre otras cosas, almacenar y recuperar informaci\u00f3n sobre los h\u00e1bitos de navegaci\u00f3n del Usuario o de su equipo y, dependiendo de la informaci\u00f3n que contengan y de la forma en que utilice su equipo, pueden utilizarse para reconocer al Usuario.<\/p>\n<p><strong>\u00a0<\/strong><\/p>\n<p><strong>Tipos de cookies<\/strong><\/p>\n<p>La informaci\u00f3n que le proporcionamos a continuaci\u00f3n le ayudar\u00e1 a comprender los diferentes tipos de cookies:<\/p>\n<ul>\n<li><strong>Cookies propias:<\/strong>\u00a0Son aqu\u00e9llas que se env\u00edan al equipo terminal del usuario desde un equipo o dominio gestionado por el propio editor y desde el que se presta el servicio solicitado por el usuario.<\/li>\n<\/ul>\n<ul>\n<li><strong>Cookies de terceros:<\/strong>\u00a0Son aqu\u00e9llas que se env\u00edan al equipo terminal del usuario desde un equipo o dominio que no es gestionado por el editor, sino por otra entidad que trata los datos obtenidos trav\u00e9s de las cookies.<\/li>\n<\/ul>\n<p>En el caso de que las cookies sean instaladas desde un equipo o dominio gestionado por el propio editor, pero la informaci\u00f3n que se recoja mediante \u00e9stas sea gestionada por un tercero, no pueden ser consideradas como cookies<\/p>\n<p>propias.<\/p>\n<p>Existe tambi\u00e9n una segunda clasificaci\u00f3n seg\u00fan el plazo de tiempo que permanecen almacenadas en el navegador del cliente, pudiendo tratarse de:<\/p>\n<ul>\n<li><strong>Cookies de sesi\u00f3n:\u00a0<\/strong>dise\u00f1adas para recabar y almacenar datos mientras el usuario accede a una p\u00e1gina web. Se suelen emplear para almacenar informaci\u00f3n que solo interesa conservar para la prestaci\u00f3n del servicio solicitado por el usuario en una sola ocasi\u00f3n (p.e. una lista de productos adquiridos).<\/li>\n<\/ul>\n<ul>\n<li><strong>Cookies persistentes:<\/strong>\u00a0los datos siguen almacenados en el terminal y pueden ser accedidos y tratados durante un periodo definido por el responsable de la cookie, y que puede ir de unos minutos a varios a\u00f1os.<\/li>\n<\/ul>\n<p>Por \u00faltimo, existe otra clasificaci\u00f3n con cinco tipos de cookies seg\u00fan la finalidad para la que se traten los datos obtenidos:<\/p>\n<ul>\n<li><strong>Cookies t\u00e9cnicas:<\/strong>\u00a0Permiten al usuario la navegaci\u00f3n a trav\u00e9s de una p\u00e1gina web, plataforma o aplicaci\u00f3n y la utilizaci\u00f3n de las diferentes opciones o servicios que en ella existan como, por ejemplo, controlar el tr\u00e1fico y la comunicaci\u00f3n de datos, identificar la sesi\u00f3n, acceder a partes de acceso restringido, recordar los elementos que integran un pedido, realizar el proceso de compra de un pedido, realizar la solicitud de inscripci\u00f3n o participaci\u00f3n en un evento, utilizar elementos de seguridad durante la navegaci\u00f3n, almacenar contenidos para la difusi\u00f3n de videos o sonido o compartir contenidos a trav\u00e9s de redes sociales.<\/li>\n<\/ul>\n<ul>\n<li><strong>Cookies de personalizaci\u00f3n:<\/strong>\u00a0permiten al usuario acceder al servicio con algunas caracter\u00edsticas de car\u00e1cter general predefinidas en funci\u00f3n de una serie de criterios en el terminal del usuario como por ejemplo serian el idioma, el tipo de navegador a trav\u00e9s del cual accede al servicio, la configuraci\u00f3n regional desde donde accede al servicio, etc.<\/li>\n<\/ul>\n<ul>\n<li><strong>Cookies de an\u00e1lisis:<\/strong>\u00a0permiten al responsable de las mismas, el seguimiento y an\u00e1lisis del comportamiento de los usuarios de los sitios web a los que est\u00e1n vinculadas. La informaci\u00f3n recogida mediante este tipo de cookies se utiliza en la medici\u00f3n de la actividad de los sitios web, aplicaci\u00f3n o plataforma y para la elaboraci\u00f3n de perfiles de navegaci\u00f3n de los usuarios de dichos sitios, aplicaciones y plataformas, con el fin de introducir mejoras en funci\u00f3n del an\u00e1lisis de los datos de uso que hacen los usuarios del servicio.<\/li>\n<\/ul>\n<ul>\n<li><strong>Cookies publicitarias:<\/strong>\u00a0permiten la gesti\u00f3n, de la forma m\u00e1s eficaz posible, de los espacios publicitarios.<\/li>\n<\/ul>\n<ul>\n<li><strong>Cookies de publicidad comportamental:<\/strong>\u00a0almacenan informaci\u00f3n del comportamiento de los usuarios obtenida a trav\u00e9s de la observaci\u00f3n continuada de sus h\u00e1bitos de navegaci\u00f3n, lo que permite desarrollar un perfil espec\u00edfico para mostrar publicidad en funci\u00f3n del mismo.<\/li>\n<\/ul>\n<ul>\n<li><strong>Cookies de redes sociales externas:<\/strong>\u00a0se utilizan para que los visitantes puedan interactuar con el contenido de diferentes plataformas sociales (facebook, youtube, twitter, linkedIn, etc..) y que se generen \u00fanicamente para los usuarios de dichas redes sociales. Las condiciones de utilizaci\u00f3n de estas cookies y la informaci\u00f3n recopilada se regula por la pol\u00edtica de privacidad de la plataforma social correspondiente.<\/li>\n<\/ul>\n<p><strong>\u00a0<\/strong><\/p>\n<p><strong>\u00bfC\u00f3mo puedo gestionar el uso de las cookies en este sitio web?<\/strong><\/p>\n<p>Todas las tecnolog\u00edas de navegador web le permiten gestionar las cookies en la carpeta dedicada a ellas de su navegador, lo que significa que puede eliminar las cookies de su carpeta de cookies una vez que haya finalizado su visita a nuestro sitio web, o bien, puede configurar sus preferencias respecto al uso de las cookies antes de empezar a navegar por nuestro sitio web para impedir su instalaci\u00f3n o revocar su consentimiento. Por favor, tenga en cuenta, tal y como le hemos mencionado anteriormente, que el hecho de eliminar o rechazar algunas cookies puede afectar negativamente a su experiencia como usuario en nuestro sitio web.<\/p>\n<p><strong><br \/>\nGarant\u00edas complementarias &#8211; Gesti\u00f3n de cookies:<\/strong><\/p>\n<p>Como garant\u00eda complementaria, el registro de las cookies podr\u00e1 estar sujeto a su aceptaci\u00f3n durante la instalaci\u00f3n o puesta al d\u00eda del navegador usado, y esta aceptaci\u00f3n puede en todo momento ser revocada mediante las opciones de configuraci\u00f3n de contenidos y privacidad disponibles.<\/p>\n<p>Muchos navegadores permiten activar un modo privado mediante el cual las cookies se borran siempre despu\u00e9s de su visita. Dependiendo de cada navegador este modo privado, puede tener diferentes nombres. A continuaci\u00f3n, encontrar\u00e1 una lista de los navegadores m\u00e1s comunes y los diferentes nombres de este \u201cmodo privado\u201d: Internet Explorer 8 y superior; InPrivate Safari 2 y superior; Navegaci\u00f3n Privada Opera 10.5 y superior; Navegaci\u00f3n Privada FireFox 3.5 y superior; Navegaci\u00f3n Privada Google Chrome 10 y superior; Inc\u00f3gnito.<\/p>\n<p><strong>\u00a0<\/strong><\/p>\n<p><strong>\u00bfSe pueden eliminar las cookies?<\/strong><\/p>\n<p>S\u00ed, y no s\u00f3lo eliminar, tambi\u00e9n bloquear, de forma general o particular para un dominio espec\u00edfico. Para eliminar las cookies de un sitio web debe ir a la configuraci\u00f3n de su navegador y all\u00ed podr\u00e1 buscar las asociadas al dominio en cuesti\u00f3n y proceder a su eliminaci\u00f3n.<\/p>\n<ul>\n<li>Configuraci\u00f3n de cookies para\u00a0<a href=\"http:\/\/support.google.com\/chrome\/bin\/answer.py?hl=es&amp;answer=95647\" target=\"_blank\" rel=\"noopener\">Google Chrome<\/a><\/li>\n<li>Configuraci\u00f3n de cookies para\u00a0<a href=\"https:\/\/support.apple.com\/es-es\/HT201265\" target=\"_blank\" rel=\"noopener\">Apple Safari<\/a><\/li>\n<li>Configuraci\u00f3n de cookies para\u00a0<a href=\"https:\/\/support.microsoft.com\/en-us\/help\/17442\/windows-internet-explorer-delete-manage-cookies#ie=ie-10\" target=\"_blank\" rel=\"noopener\">Internet Explorer<\/a><\/li>\n<li>Configuraci\u00f3n de cookies para\u00a0<a href=\"https:\/\/support.mozilla.org\/es\/kb\/habilitar-y-deshabilitar-cookies-sitios-web-rastrear-preferencias?redirectlocale=es&amp;redirectslug=habilitar-y-deshabilitar-cookies-que-los-sitios-we\" target=\"_blank\" rel=\"noopener\">Mozilla Firefox<\/a><\/li>\n<\/ul>\n<p>Tenga en cuenta que el bloqueo de cookies puede afectar a todas o algunas de las funcionalidades de la p\u00e1gina Web.<\/p>\n<p><strong>\u00a0<\/strong><\/p>\n<p><strong>Modificaciones<\/strong><\/p>\n<p>La p\u00e1gina Web\u00a0<a href=\"http:\/\/www.oceancoll.com\">www.oceancoll.com<\/a> titularidad de\u00a0BDF Natural Ingredients SL\u00a0puede modificar esta pol\u00edtica de cookies en funci\u00f3n de exigencias legales, o con la finalidad de adaptar dicha pol\u00edtica a las instrucciones dictadas por la Agencia Espa\u00f1ola de Protecci\u00f3n de Datos.<\/p>\n<p>Por esta raz\u00f3n, aconsejamos a los usuarios que la visiten peri\u00f3dicamente. Cuando se produzcan cambios significativos en esta pol\u00edtica de cookies, se comunicar\u00e1n a los usuarios bien mediante la web o a trav\u00e9s de correo electr\u00f3nico a los usuarios registrados.<\/p>\n<p>Esta Pol\u00edtica de Cookies ha sido actualizada por \u00faltima vez el 17 de junio de 2020.<\/p>\n<p><strong>\u00a0<\/strong><\/p>\n<p><strong>Cookies que utilizamos en la p\u00e1gina Web. <\/strong><strong>(TODO UPDATE)<\/strong><\/p>\n<p>Esquema de las cookies que utilizamos en nuestra Web:<\/p>\n<table>\n<tbody>\n<tr>\n<td><strong>Cookie<\/strong><\/td>\n<td><strong>Nombre<\/strong><\/td>\n<td><strong>Informaci\u00f3n<\/strong><\/td>\n<td><strong>Vencimiento<\/strong><\/td>\n<\/tr>\n<tr>\n<td>&nbsp;<\/td>\n<td>419\u00aa6F17ACB<br \/>\n2CAC9810D93<br \/>\n1150D119930<\/td>\n<td>Esta cookie es un identificador de sesi\u00f3n proporcionado por el servidor.<\/td>\n<td>&nbsp;<\/td>\n<\/tr>\n<tr>\n<td>&nbsp;<\/td>\n<td>cookieaccept<\/td>\n<td>Almacena la aceptaci\u00f3n de la instalaci\u00f3n de cookies por parte del usuario para no mostrar repetidamente el mismo mensaje.<\/td>\n<td>1 a\u00f1o<\/td>\n<\/tr>\n<tr>\n<td>&nbsp;<\/td>\n<td>Zopim<\/td>\n<td>Utilizadas por la herramienta ZOPIM (chat) para permitir chatear en directo con el usuario<\/td>\n<td>&nbsp;<\/td>\n<\/tr>\n<tr>\n<td>&nbsp;<\/td>\n<td>Cc_cookie_chat<\/td>\n<td>Memoria para mostrar el xat o no<\/td>\n<td>&nbsp;<\/td>\n<\/tr>\n<tr>\n<td>&nbsp;<\/td>\n<td>endoID<\/td>\n<td>Cookies de PHP sesi\u00f3n (las t\u00edpicas cookies que recuerdan al usuario que ha accedido a la p\u00e1gina anterior o no<\/td>\n<td>&nbsp;<\/td>\n<\/tr>\n<tr>\n<td>Google Analytics<\/td>\n<td>_utma<\/td>\n<td>Apoya el uso de Google Analytics en el sitio web para poder hacer un seguimiento de la actividad realizada en \u00e9l.<\/td>\n<td>2 a\u00f1os<\/td>\n<\/tr>\n<tr>\n<td>&nbsp;<\/td>\n<td>_utmb<\/td>\n<td>Las cookies de Google Analytics recopilan informaci\u00f3n de registro est\u00e1ndar y datos sobre los h\u00e1bitos de los visitantes de forma an\u00f3nima.<\/td>\n<td>30 minutos<\/td>\n<\/tr>\n<tr>\n<td>&nbsp;<\/td>\n<td>_utmc<\/td>\n<td>Determina si es necesario establecer nueva sesi\u00f3n<\/td>\n<td>Sesi\u00f3n<\/td>\n<\/tr>\n<tr>\n<td>&nbsp;<\/td>\n<td>_utmt<\/td>\n<td>Se utiliza para procesar el tipo de solicitud requerida por el usuario.<\/td>\n<td>Sesi\u00f3n<\/td>\n<\/tr>\n<tr>\n<td>&nbsp;<\/td>\n<td>_utmz<\/td>\n<td>Almacena el origen del visitante y el camino que ha seguido para acceder a la web<\/td>\n<td>6 meses<\/td>\n<\/tr>\n<tr>\n<td>&nbsp;<\/td>\n<td>_ga<\/td>\n<td>Se usa para distinguir a los usuarios.<\/td>\n<td>2 a\u00f1os<\/td>\n<\/tr>\n<tr>\n<td>&nbsp;<\/td>\n<td>_gat<\/td>\n<td>Se usa para diferenciar entre los diferentes objetos de seguimiento creados en la sesi\u00f3n. La cookie se crea al cargar la librer\u00eda javascript y no existe una versi\u00f3n previa de la cookie _gat. La cookie se actualiza cada vez que env\u00eda los datos a Google Analytics.<\/td>\n<td>10 minutos<\/td>\n<\/tr>\n<tr>\n<td>&nbsp;<\/td>\n<td>_gid<\/td>\n<td>Se usa para rastrear a los usuarios mientras navegan por el sitio web y ayudan a mejorar la usabilidad del sitio Web.<\/td>\n<td>&nbsp;<\/td>\n<\/tr>\n<tr>\n<td>Cookies google.com<\/td>\n<td>PREF<\/td>\n<td>El uso de servicios de localizaci\u00f3n como Google Maps implica la instalaci\u00f3n de estas cookies<\/td>\n<td>2 a\u00f1os<\/td>\n<\/tr>\n<tr>\n<td>&nbsp;<\/td>\n<td>APISID<\/td>\n<td>Se utilizan para recordar preferencias del usuario durante su navegaci\u00f3n.<\/td>\n<td>2 a\u00f1os<\/td>\n<\/tr>\n<tr>\n<td>&nbsp;<\/td>\n<td>SAPISID<\/td>\n<td>2 a\u00f1os<\/td>\n<td>&nbsp;<\/td>\n<\/tr>\n<tr>\n<td>&nbsp;<\/td>\n<td>SSID<\/td>\n<td>Tambi\u00e9n para el recuento, por parte de Google, del n\u00famero de usuarios que utilizan los mapas<\/td>\n<td>2 a\u00f1os<\/td>\n<\/tr>\n<tr>\n<td>&nbsp;<\/td>\n<td>NID<\/td>\n<td>Para hacer la publicidad m\u00e1s atractiva<\/td>\n<td>6 meses<\/td>\n<\/tr>\n<tr>\n<td>&nbsp;<\/td>\n<td>HSID, SID<\/td>\n<td>Y para proveer de mecanismos de seguridad que eviten el acceso no autorizado a datos de acceso de usuarios o la informaci\u00f3n que \u00e9stos facilitan en formularios de contacto.<\/td>\n<td>2 a\u00f1os<\/td>\n<\/tr>\n<tr>\n<td>Cookies de Facebook<\/td>\n<td>Lu, cuser, csm, fr, s, xs<\/td>\n<td>Sus finalidades est\u00e1n descritas en\u00a0<a href=\"http:\/\/www.facebook.com\/help\/cookies\" target=\"_blank\" rel=\"noopener\">www.facebook.com\/help\/cookies<\/a><\/td>\n<td>&nbsp;<\/td>\n<\/tr>\n<tr>\n<td>Account Google<\/td>\n<td>GAPS, LSID, LSOSID, UTMA, UTZ<\/td>\n<td>Herramienta de Google+ a trav\u00e9s de botones de acci\u00f3n para permitir al usuario compartir contenido a trav\u00e9s de Google+. Estas cookies permiten a Google autenticar si se comparte el sitio con este bot\u00f3n. M\u00e1s informaci\u00f3n sobre las cookies de Google en\u00a0<a href=\"http:\/\/www.google.com\/intl\/es\/policies\/technologies\/types\" target=\"_blank\" rel=\"noopener\">www.google.com\/intl\/es\/policies\/technologies\/types<\/a>\u00a0(castellano)<\/td>\n<td>&nbsp;<\/td>\n<\/tr>\n<tr>\n<td>APIS GOOGLE<\/td>\n<td>&nbsp;<\/td>\n<td>Estas cookies de Google Maps registran el origen del usuario, as\u00ed como las keywords. Tambi\u00e9n se genera un prefijo \u00fanico, que es el que se utiliza para hacer recuento de cuantas veces visita el sitio un usuario\u00a0<a href=\"http:\/\/www.google.com\/intl\/es\/policies\/technologies\/types\" target=\"_blank\" rel=\"noopener\">www.google.com\/intl\/es\/policies\/technologies\/types<\/a>\u00a0(castellano)<\/td>\n<td>&nbsp;<\/td>\n<\/tr>\n<\/tbody>\n<\/table>\n<h6><strong><em>Esta Pol\u00edtica de Privacidad fue actualizada por \u00faltima vez el 17 de junio de 2020<\/em><\/strong><\/h6>\n<p><\/p>\n\t\t\t\t\t\t\t\t<\/div>\n\t\t\t\t<\/div>\n\t\t\t\t\t<\/div>\n\t\t<\/div>\n\t\t\t\t\t<\/div>\n\t\t<\/section>\n\t\t\t\t<\/div>\n\t\t","protected":false},"excerpt":{"rendered":"<p>Pol\u00edtica de cookies En cumplimiento con lo dispuesto en el art\u00edculo 22.2 de la Ley 34\/2002, de 11 de julio, de Servicios de la Sociedad de la Informaci\u00f3n y de Comercio Electr\u00f3nico, en esta secci\u00f3n, se informa sobre la pol\u00edtica de recogida y tratamiento de cookies. Al entrar en esta web ya has sido informado [&hellip;]<\/p>\n","protected":false},"author":5,"featured_media":4519,"parent":0,"menu_order":0,"comment_status":"closed","ping_status":"closed","template":"elementor_header_footer","meta":{"footnotes":""},"class_list":["post-4522","page","type-page","status-publish","has-post-thumbnail","hentry","article","article--blog-post"],"_links":{"self":[{"href":"https:\/\/oceancoll.com\/es\/wp-json\/wp\/v2\/pages\/4522","targetHints":{"allow":["GET"]}}],"collection":[{"href":"https:\/\/oceancoll.com\/es\/wp-json\/wp\/v2\/pages"}],"about":[{"href":"https:\/\/oceancoll.com\/es\/wp-json\/wp\/v2\/types\/page"}],"author":[{"embeddable":true,"href":"https:\/\/oceancoll.com\/es\/wp-json\/wp\/v2\/users\/5"}],"replies":[{"embeddable":true,"href":"https:\/\/oceancoll.com\/es\/wp-json\/wp\/v2\/comments?post=4522"}],"version-history":[{"count":5,"href":"https:\/\/oceancoll.com\/es\/wp-json\/wp\/v2\/pages\/4522\/revisions"}],"predecessor-version":[{"id":5794,"href":"https:\/\/oceancoll.com\/es\/wp-json\/wp\/v2\/pages\/4522\/revisions\/5794"}],"wp:featuredmedia":[{"embeddable":true,"href":"https:\/\/oceancoll.com\/es\/wp-json\/wp\/v2\/media\/4519"}],"wp:attachment":[{"href":"https:\/\/oceancoll.com\/es\/wp-json\/wp\/v2\/media?parent=4522"}],"curies":[{"name":"wp","href":"https:\/\/api.w.org\/{rel}","templated":true}]}}