{"id":5032,"date":"2021-06-15T21:22:03","date_gmt":"2021-06-15T19:22:03","guid":{"rendered":"https:\/\/oceancoll.com\/?page_id=5032"},"modified":"2022-10-04T09:49:42","modified_gmt":"2022-10-04T07:49:42","slug":"home-2021","status":"publish","type":"page","link":"https:\/\/oceancoll.com\/es\/","title":{"rendered":"Oceancoll Col\u00e1geno Marino"},"content":{"rendered":"\t\t<div data-elementor-type=\"wp-post\" data-elementor-id=\"5032\" class=\"elementor elementor-5032 elementor-5031\" data-elementor-post-type=\"page\">\n\t\t\t\t\t\t<section class=\"elementor-section elementor-top-section elementor-element elementor-element-4cc5e3ab elementor-section-full_width homeoverlay elementor-section-height-default elementor-section-height-default\" data-id=\"4cc5e3ab\" data-element_type=\"section\" data-e-type=\"section\" data-settings=\"{&quot;background_background&quot;:&quot;classic&quot;}\">\n\t\t\t\t\t\t\t<div class=\"elementor-background-overlay\"><\/div>\n\t\t\t\t\t\t\t<div class=\"elementor-container elementor-column-gap-no\">\n\t\t\t\t\t<div class=\"elementor-column elementor-col-100 elementor-top-column elementor-element elementor-element-3d19a3e6\" data-id=\"3d19a3e6\" data-element_type=\"column\" data-e-type=\"column\">\n\t\t\t<div class=\"elementor-widget-wrap elementor-element-populated\">\n\t\t\t\t\t\t<section class=\"elementor-section elementor-inner-section elementor-element elementor-element-46891536 elementor-section-height-full elementor-section-full_width elementor-section-height-default\" data-id=\"46891536\" data-element_type=\"section\" data-e-type=\"section\" data-settings=\"{&quot;background_background&quot;:&quot;classic&quot;}\">\n\t\t\t\t\t\t<div class=\"elementor-container elementor-column-gap-no\">\n\t\t\t\t\t<div class=\"elementor-column elementor-col-50 elementor-inner-column elementor-element elementor-element-5d42dc09\" data-id=\"5d42dc09\" data-element_type=\"column\" data-e-type=\"column\">\n\t\t\t<div class=\"elementor-widget-wrap\">\n\t\t\t\t\t\t\t<\/div>\n\t\t<\/div>\n\t\t\t\t<div class=\"elementor-column elementor-col-50 elementor-inner-column elementor-element elementor-element-fe098d8\" data-id=\"fe098d8\" data-element_type=\"column\" data-e-type=\"column\">\n\t\t\t<div class=\"elementor-widget-wrap elementor-element-populated\">\n\t\t\t\t\t\t<div class=\"elementor-element elementor-element-230677d8 elementor-widget elementor-widget-heading\" data-id=\"230677d8\" data-element_type=\"widget\" data-e-type=\"widget\" data-widget_type=\"heading.default\">\n\t\t\t\t<div class=\"elementor-widget-container\">\n\t\t\t\t\t<h1 class=\"elementor-heading-title elementor-size-default\">Prote\u00edna de col\u00e1geno marino hidrolizado para una piel, cabello, u\u00f1as, articulaciones y huesos sanos<\/h1>\t\t\t\t<\/div>\n\t\t\t\t<\/div>\n\t\t\t\t\t<\/div>\n\t\t<\/div>\n\t\t\t\t\t<\/div>\n\t\t<\/section>\n\t\t\t\t\t<\/div>\n\t\t<\/div>\n\t\t\t\t\t<\/div>\n\t\t<\/section>\n\t\t\t\t<section class=\"elementor-section elementor-top-section elementor-element elementor-element-75d8bb86 elementor-section-boxed elementor-section-height-default elementor-section-height-default\" data-id=\"75d8bb86\" data-element_type=\"section\" data-e-type=\"section\" id=\"features\">\n\t\t\t\t\t\t\t<div class=\"elementor-background-overlay\"><\/div>\n\t\t\t\t\t\t\t<div class=\"elementor-container elementor-column-gap-default\">\n\t\t\t\t\t<div class=\"elementor-column elementor-col-100 elementor-top-column elementor-element elementor-element-fe401b5\" data-id=\"fe401b5\" data-element_type=\"column\" data-e-type=\"column\">\n\t\t\t<div class=\"elementor-widget-wrap elementor-element-populated\">\n\t\t\t\t\t\t<div class=\"elementor-element elementor-element-72f2d858 elementor-widget elementor-widget-heading\" data-id=\"72f2d858\" data-element_type=\"widget\" data-e-type=\"widget\" data-widget_type=\"heading.default\">\n\t\t\t\t<div class=\"elementor-widget-container\">\n\t\t\t\t\t<p class=\"elementor-heading-title elementor-size-default\">Por qu\u00e9 elegir Oceancoll<\/p>\t\t\t\t<\/div>\n\t\t\t\t<\/div>\n\t\t\t\t<div class=\"elementor-element elementor-element-19213b2 elementor-widget elementor-widget-heading\" data-id=\"19213b2\" data-element_type=\"widget\" data-e-type=\"widget\" data-widget_type=\"heading.default\">\n\t\t\t\t<div class=\"elementor-widget-container\">\n\t\t\t\t\t<h2 class=\"elementor-heading-title elementor-size-default\">Siente la llamada del oc\u00e9ano<\/h2>\t\t\t\t<\/div>\n\t\t\t\t<\/div>\n\t\t\t\t<section class=\"elementor-section elementor-inner-section elementor-element elementor-element-f4b8394 elementor-section-boxed elementor-section-height-default elementor-section-height-default\" data-id=\"f4b8394\" data-element_type=\"section\" data-e-type=\"section\">\n\t\t\t\t\t\t<div class=\"elementor-container elementor-column-gap-no\">\n\t\t\t\t\t<div class=\"elementor-column elementor-col-100 elementor-inner-column elementor-element elementor-element-4550d6b\" data-id=\"4550d6b\" data-element_type=\"column\" data-e-type=\"column\">\n\t\t\t<div class=\"elementor-widget-wrap elementor-element-populated\">\n\t\t\t\t\t\t<div class=\"elementor-element elementor-element-d6093ca elementor-widget elementor-widget-text-editor\" data-id=\"d6093ca\" data-element_type=\"widget\" data-e-type=\"widget\" data-widget_type=\"text-editor.default\">\n\t\t\t\t<div class=\"elementor-widget-container\">\n\t\t\t\t\t\t\t\t\tOceancoll es una prote\u00edna de col\u00e1geno marino hidrolizado hecho de la piel de pescado salvaje capturado de manera sostenible. Esta prote\u00edna marina contiene peque\u00f1os p\u00e9ptidos de bajo peso molecular que son altamente biodisponibles y f\u00e1cilmente digeribles.\t\t\t\t\t\t\t\t<\/div>\n\t\t\t\t<\/div>\n\t\t\t\t\t<\/div>\n\t\t<\/div>\n\t\t\t\t\t<\/div>\n\t\t<\/section>\n\t\t\t\t\t<\/div>\n\t\t<\/div>\n\t\t\t\t\t<\/div>\n\t\t<\/section>\n\t\t\t\t<section class=\"elementor-section elementor-top-section elementor-element elementor-element-394c81c elementor-section-full_width elementor-section-height-default elementor-section-height-default\" data-id=\"394c81c\" data-element_type=\"section\" data-e-type=\"section\">\n\t\t\t\t\t\t<div class=\"elementor-container elementor-column-gap-no\">\n\t\t\t\t\t<div class=\"elementor-column elementor-col-33 elementor-top-column elementor-element elementor-element-479dadf\" data-id=\"479dadf\" data-element_type=\"column\" data-e-type=\"column\">\n\t\t\t<div class=\"elementor-widget-wrap elementor-element-populated\">\n\t\t\t\t\t\t<div class=\"elementor-element elementor-element-7f6734d elementor-widget elementor-widget-image\" data-id=\"7f6734d\" data-element_type=\"widget\" data-e-type=\"widget\" data-widget_type=\"image.default\">\n\t\t\t\t<div class=\"elementor-widget-container\">\n\t\t\t\t\t\t\t\t\t\t\t\t\t\t\t<img decoding=\"async\" width=\"134\" height=\"134\" src=\"https:\/\/oceancoll.com\/wp-content\/uploads\/2021\/06\/img-cercle-001.png\" class=\"attachment-full size-full wp-image-5076\" alt=\"\" srcset=\"https:\/\/oceancoll.com\/wp-content\/uploads\/2021\/06\/img-cercle-001.png 134w, https:\/\/oceancoll.com\/wp-content\/uploads\/2021\/06\/img-cercle-001-55x55.png 55w\" sizes=\"(max-width: 134px) 100vw, 134px\" \/>\t\t\t\t\t\t\t\t\t\t\t\t\t\t\t<\/div>\n\t\t\t\t<\/div>\n\t\t\t\t<div class=\"elementor-element elementor-element-3188666 elementor-widget elementor-widget-heading\" data-id=\"3188666\" data-element_type=\"widget\" data-e-type=\"widget\" data-widget_type=\"heading.default\">\n\t\t\t\t<div class=\"elementor-widget-container\">\n\t\t\t\t\t<h2 class=\"elementor-heading-title elementor-size-default\">Beneficios para la salud<\/h2>\t\t\t\t<\/div>\n\t\t\t\t<\/div>\n\t\t\t\t<div class=\"elementor-element elementor-element-f4b2acd elementor-widget elementor-widget-text-editor\" data-id=\"f4b2acd\" data-element_type=\"widget\" data-e-type=\"widget\" data-widget_type=\"text-editor.default\">\n\t\t\t\t<div class=\"elementor-widget-container\">\n\t\t\t\t\t\t\t\t\tEl col\u00e1geno marino hidrolizado promueve el crecimiento muscular y ayuda a la formaci\u00f3n de articulaciones sanas y huesos fuertes. Adem\u00e1s, conducen a una reducci\u00f3n significativa del dolor articular relacionado con la movilidad.\t\t\t\t\t\t\t\t<\/div>\n\t\t\t\t<\/div>\n\t\t\t\t\t<\/div>\n\t\t<\/div>\n\t\t\t\t<div class=\"elementor-column elementor-col-33 elementor-top-column elementor-element elementor-element-c99cff6\" data-id=\"c99cff6\" data-element_type=\"column\" data-e-type=\"column\">\n\t\t\t<div class=\"elementor-widget-wrap elementor-element-populated\">\n\t\t\t\t\t\t<div class=\"elementor-element elementor-element-7793b8d elementor-widget elementor-widget-image\" data-id=\"7793b8d\" data-element_type=\"widget\" data-e-type=\"widget\" data-widget_type=\"image.default\">\n\t\t\t\t<div class=\"elementor-widget-container\">\n\t\t\t\t\t\t\t\t\t\t\t\t\t\t\t<img decoding=\"async\" width=\"134\" height=\"134\" src=\"https:\/\/oceancoll.com\/wp-content\/uploads\/2021\/06\/img-cercle-002.png\" class=\"attachment-large size-large wp-image-5078\" alt=\"\" srcset=\"https:\/\/oceancoll.com\/wp-content\/uploads\/2021\/06\/img-cercle-002.png 134w, https:\/\/oceancoll.com\/wp-content\/uploads\/2021\/06\/img-cercle-002-55x55.png 55w\" sizes=\"(max-width: 134px) 100vw, 134px\" \/>\t\t\t\t\t\t\t\t\t\t\t\t\t\t\t<\/div>\n\t\t\t\t<\/div>\n\t\t\t\t<div class=\"elementor-element elementor-element-282ca24 elementor-widget elementor-widget-heading\" data-id=\"282ca24\" data-element_type=\"widget\" data-e-type=\"widget\" data-widget_type=\"heading.default\">\n\t\t\t\t<div class=\"elementor-widget-container\">\n\t\t\t\t\t<h2 class=\"elementor-heading-title elementor-size-default\">Beneficios de belleza<\/h2>\t\t\t\t<\/div>\n\t\t\t\t<\/div>\n\t\t\t\t<div class=\"elementor-element elementor-element-5e03238 elementor-widget elementor-widget-text-editor\" data-id=\"5e03238\" data-element_type=\"widget\" data-e-type=\"widget\" data-widget_type=\"text-editor.default\">\n\t\t\t\t<div class=\"elementor-widget-container\">\n\t\t\t\t\t\t\t\t\tAlivia los factores de estr\u00e9s intr\u00ednsecos y extr\u00ednsecos, como la edad, la contaminaci\u00f3n y los rayos ultravioleta. Tomar p\u00e9ptidos de col\u00e1geno marino la hidrataci\u00f3n, la flexibilidad y la elasticidad de la piel, lo que conduce a una disminuci\u00f3n de la aspereza de la superficie, una mayor suavidad y menos arrugas.\t\t\t\t\t\t\t\t<\/div>\n\t\t\t\t<\/div>\n\t\t\t\t\t<\/div>\n\t\t<\/div>\n\t\t\t\t<div class=\"elementor-column elementor-col-33 elementor-top-column elementor-element elementor-element-b215087\" data-id=\"b215087\" data-element_type=\"column\" data-e-type=\"column\">\n\t\t\t<div class=\"elementor-widget-wrap elementor-element-populated\">\n\t\t\t\t\t\t<div class=\"elementor-element elementor-element-9e900b8 elementor-widget elementor-widget-image\" data-id=\"9e900b8\" data-element_type=\"widget\" data-e-type=\"widget\" data-widget_type=\"image.default\">\n\t\t\t\t<div class=\"elementor-widget-container\">\n\t\t\t\t\t\t\t\t\t\t\t\t\t\t\t<img decoding=\"async\" width=\"134\" height=\"134\" src=\"https:\/\/oceancoll.com\/wp-content\/uploads\/2021\/06\/img-cercle-003-1.png\" class=\"attachment-large size-large wp-image-7187\" alt=\"\" srcset=\"https:\/\/oceancoll.com\/wp-content\/uploads\/2021\/06\/img-cercle-003-1.png 134w, https:\/\/oceancoll.com\/wp-content\/uploads\/2021\/06\/img-cercle-003-1-55x55.png 55w\" sizes=\"(max-width: 134px) 100vw, 134px\" \/>\t\t\t\t\t\t\t\t\t\t\t\t\t\t\t<\/div>\n\t\t\t\t<\/div>\n\t\t\t\t<div class=\"elementor-element elementor-element-5105626 elementor-widget elementor-widget-heading\" data-id=\"5105626\" data-element_type=\"widget\" data-e-type=\"widget\" data-widget_type=\"heading.default\">\n\t\t\t\t<div class=\"elementor-widget-container\">\n\t\t\t\t\t<h2 class=\"elementor-heading-title elementor-size-default\">Beneficios para el deporte<\/h2>\t\t\t\t<\/div>\n\t\t\t\t<\/div>\n\t\t\t\t<div class=\"elementor-element elementor-element-dd619fd elementor-widget elementor-widget-text-editor\" data-id=\"dd619fd\" data-element_type=\"widget\" data-e-type=\"widget\" data-widget_type=\"text-editor.default\">\n\t\t\t\t<div class=\"elementor-widget-container\">\n\t\t\t\t\t\t\t\t\tPromueve el crecimiento muscular y la formaci\u00f3n de articulaciones sanas, acelerando la recuperaci\u00f3n musculoesquel\u00e9tica despu\u00e9s de un ejercicio intenso, a la vez que previene las lesiones y promueve la reparaci\u00f3n de los tejidos. Recomendado para los adultos f\u00edsicamente activos.\t\t\t\t\t\t\t\t<\/div>\n\t\t\t\t<\/div>\n\t\t\t\t\t<\/div>\n\t\t<\/div>\n\t\t\t\t\t<\/div>\n\t\t<\/section>\n\t\t\t\t<section class=\"elementor-section elementor-top-section elementor-element elementor-element-9a95a72 elementor-section-full_width elementor-section-height-default elementor-section-height-default\" data-id=\"9a95a72\" data-element_type=\"section\" data-e-type=\"section\" data-settings=\"{&quot;background_background&quot;:&quot;classic&quot;}\">\n\t\t\t\t\t\t<div class=\"elementor-container elementor-column-gap-no\">\n\t\t\t\t\t<div data-wts-url=\"https:\/\/oceancoll.com\/product\/#benefits\" data-wts-link=\"yes\" data-wts-new-window=\"\" class=\"elementor-column elementor-col-100 elementor-top-column elementor-element elementor-element-d09dd04 ae-link-yes\" data-id=\"d09dd04\" data-element_type=\"column\" data-e-type=\"column\">\n\t\t\t<div class=\"elementor-widget-wrap elementor-element-populated\">\n\t\t\t\t\t\t<div class=\"elementor-element elementor-element-885cc26 elementor-widget elementor-widget-heading\" data-id=\"885cc26\" data-element_type=\"widget\" data-e-type=\"widget\" data-widget_type=\"heading.default\">\n\t\t\t\t<div class=\"elementor-widget-container\">\n\t\t\t\t\t<h2 class=\"elementor-heading-title elementor-size-default\">Descubre los valores para preservar nuestro planeta y tu salud<\/h2>\t\t\t\t<\/div>\n\t\t\t\t<\/div>\n\t\t\t\t\t<\/div>\n\t\t<\/div>\n\t\t\t\t\t<\/div>\n\t\t<\/section>\n\t\t\t\t<section class=\"elementor-section elementor-top-section elementor-element elementor-element-f332af elementor-section-boxed elementor-section-height-default elementor-section-height-default\" data-id=\"f332af\" data-element_type=\"section\" data-e-type=\"section\" data-settings=\"{&quot;background_background&quot;:&quot;classic&quot;}\">\n\t\t\t\t\t\t<div class=\"elementor-container elementor-column-gap-default\">\n\t\t\t\t\t<div class=\"elementor-column elementor-col-100 elementor-top-column elementor-element elementor-element-2868e156\" data-id=\"2868e156\" data-element_type=\"column\" data-e-type=\"column\">\n\t\t\t<div class=\"elementor-widget-wrap elementor-element-populated\">\n\t\t\t\t\t\t<div class=\"elementor-element elementor-element-7aaff13 elementor-widget elementor-widget-heading\" data-id=\"7aaff13\" data-element_type=\"widget\" data-e-type=\"widget\" data-widget_type=\"heading.default\">\n\t\t\t\t<div class=\"elementor-widget-container\">\n\t\t\t\t\t<p class=\"elementor-heading-title elementor-size-default\">\u00bfCu\u00e1l es el m\u00e1s adecuado para ti?<\/p>\t\t\t\t<\/div>\n\t\t\t\t<\/div>\n\t\t\t\t<div class=\"elementor-element elementor-element-3058046 elementor-widget elementor-widget-heading\" data-id=\"3058046\" data-element_type=\"widget\" data-e-type=\"widget\" data-widget_type=\"heading.default\">\n\t\t\t\t<div class=\"elementor-widget-container\">\n\t\t\t\t\t<h3 class=\"elementor-heading-title elementor-size-default\">Nuestra nueva gama de productos<\/h3>\t\t\t\t<\/div>\n\t\t\t\t<\/div>\n\t\t\t\t\t<\/div>\n\t\t<\/div>\n\t\t\t\t\t<\/div>\n\t\t<\/section>\n\t\t\t\t<section class=\"elementor-section elementor-top-section elementor-element elementor-element-ef09349 elementor-section-boxed elementor-section-height-default elementor-section-height-default\" data-id=\"ef09349\" data-element_type=\"section\" data-e-type=\"section\">\n\t\t\t\t\t\t<div class=\"elementor-container elementor-column-gap-default\">\n\t\t\t\t\t<div class=\"elementor-column elementor-col-100 elementor-top-column elementor-element elementor-element-60209f5\" data-id=\"60209f5\" data-element_type=\"column\" data-e-type=\"column\">\n\t\t\t<div class=\"elementor-widget-wrap elementor-element-populated\">\n\t\t\t\t\t\t<section class=\"elementor-section elementor-inner-section elementor-element elementor-element-a47fc1d elementor-section-boxed elementor-section-height-default elementor-section-height-default\" data-id=\"a47fc1d\" data-element_type=\"section\" data-e-type=\"section\">\n\t\t\t\t\t\t<div class=\"elementor-container elementor-column-gap-default\">\n\t\t\t\t\t<div class=\"elementor-column elementor-col-50 elementor-inner-column elementor-element elementor-element-1447286\" data-id=\"1447286\" data-element_type=\"column\" data-e-type=\"column\">\n\t\t\t<div class=\"elementor-widget-wrap elementor-element-populated\">\n\t\t\t\t\t\t<div class=\"elementor-element elementor-element-35148f9 elementor-widget elementor-widget-image\" data-id=\"35148f9\" data-element_type=\"widget\" data-e-type=\"widget\" data-widget_type=\"image.default\">\n\t\t\t\t<div class=\"elementor-widget-container\">\n\t\t\t\t\t\t\t\t\t\t\t\t\t\t\t<img loading=\"lazy\" decoding=\"async\" width=\"1024\" height=\"1024\" src=\"https:\/\/oceancoll.com\/wp-content\/uploads\/2021\/07\/oceancoll-original-mockup-1024x1024.jpg\" class=\"attachment-large size-large wp-image-6910\" alt=\"\" srcset=\"https:\/\/oceancoll.com\/wp-content\/uploads\/2021\/07\/oceancoll-original-mockup-1024x1024.jpg 1024w, https:\/\/oceancoll.com\/wp-content\/uploads\/2021\/07\/oceancoll-original-mockup-e1626428896169.jpg 300w, https:\/\/oceancoll.com\/wp-content\/uploads\/2021\/07\/oceancoll-original-mockup-150x150.jpg 150w, https:\/\/oceancoll.com\/wp-content\/uploads\/2021\/07\/oceancoll-original-mockup-768x768.jpg 768w, https:\/\/oceancoll.com\/wp-content\/uploads\/2021\/07\/oceancoll-original-mockup-1536x1536.jpg 1536w, https:\/\/oceancoll.com\/wp-content\/uploads\/2021\/07\/oceancoll-original-mockup-55x55.jpg 55w\" sizes=\"(max-width: 1024px) 100vw, 1024px\" \/>\t\t\t\t\t\t\t\t\t\t\t\t\t\t\t<\/div>\n\t\t\t\t<\/div>\n\t\t\t\t\t<\/div>\n\t\t<\/div>\n\t\t\t\t<div class=\"elementor-column elementor-col-50 elementor-inner-column elementor-element elementor-element-e8d2922\" data-id=\"e8d2922\" data-element_type=\"column\" data-e-type=\"column\">\n\t\t\t<div class=\"elementor-widget-wrap elementor-element-populated\">\n\t\t\t\t\t\t<div class=\"elementor-element elementor-element-92db9f1 elementor-widget elementor-widget-image\" data-id=\"92db9f1\" data-element_type=\"widget\" data-e-type=\"widget\" data-widget_type=\"image.default\">\n\t\t\t\t<div class=\"elementor-widget-container\">\n\t\t\t\t\t\t\t\t\t\t\t\t\t\t\t<img loading=\"lazy\" decoding=\"async\" width=\"1024\" height=\"1024\" src=\"https:\/\/oceancoll.com\/wp-content\/uploads\/2021\/07\/oceancoll-beauty-mockup-1024x1024.jpg\" class=\"attachment-large size-large wp-image-6904\" alt=\"\" srcset=\"https:\/\/oceancoll.com\/wp-content\/uploads\/2021\/07\/oceancoll-beauty-mockup-1024x1024.jpg 1024w, https:\/\/oceancoll.com\/wp-content\/uploads\/2021\/07\/oceancoll-beauty-mockup-e1627555271841.jpg 300w, https:\/\/oceancoll.com\/wp-content\/uploads\/2021\/07\/oceancoll-beauty-mockup-150x150.jpg 150w, https:\/\/oceancoll.com\/wp-content\/uploads\/2021\/07\/oceancoll-beauty-mockup-768x768.jpg 768w, https:\/\/oceancoll.com\/wp-content\/uploads\/2021\/07\/oceancoll-beauty-mockup-1536x1536.jpg 1536w, https:\/\/oceancoll.com\/wp-content\/uploads\/2021\/07\/oceancoll-beauty-mockup-55x55.jpg 55w\" sizes=\"(max-width: 1024px) 100vw, 1024px\" \/>\t\t\t\t\t\t\t\t\t\t\t\t\t\t\t<\/div>\n\t\t\t\t<\/div>\n\t\t\t\t\t<\/div>\n\t\t<\/div>\n\t\t\t\t\t<\/div>\n\t\t<\/section>\n\t\t\t\t<section class=\"elementor-section elementor-inner-section elementor-element elementor-element-ff67976 elementor-section-boxed elementor-section-height-default elementor-section-height-default\" data-id=\"ff67976\" data-element_type=\"section\" data-e-type=\"section\">\n\t\t\t\t\t\t<div class=\"elementor-container elementor-column-gap-default\">\n\t\t\t\t\t<div class=\"elementor-column elementor-col-50 elementor-inner-column elementor-element elementor-element-b66596f\" data-id=\"b66596f\" data-element_type=\"column\" data-e-type=\"column\">\n\t\t\t<div class=\"elementor-widget-wrap elementor-element-populated\">\n\t\t\t\t\t\t<div class=\"elementor-element elementor-element-fde7ecc elementor-align-center elementor-widget elementor-widget-button\" data-id=\"fde7ecc\" data-element_type=\"widget\" data-e-type=\"widget\" data-widget_type=\"button.default\">\n\t\t\t\t<div class=\"elementor-widget-container\">\n\t\t\t\t\t\t\t\t\t<div class=\"elementor-button-wrapper\">\n\t\t\t\t\t<a class=\"elementor-button elementor-button-link elementor-size-sm\" href=\"https:\/\/theoddity.eu\/es\/products\/original\" target=\"_blank\" rel=\"nofollow noopener\">\n\t\t\t\t\t\t<span class=\"elementor-button-content-wrapper\">\n\t\t\t\t\t\t\t\t\t<span class=\"elementor-button-text\">COMPRAR<\/span>\n\t\t\t\t\t<\/span>\n\t\t\t\t\t<\/a>\n\t\t\t\t<\/div>\n\t\t\t\t\t\t\t\t<\/div>\n\t\t\t\t<\/div>\n\t\t\t\t\t<\/div>\n\t\t<\/div>\n\t\t\t\t<div class=\"elementor-column elementor-col-50 elementor-inner-column elementor-element elementor-element-07817e5\" data-id=\"07817e5\" data-element_type=\"column\" data-e-type=\"column\">\n\t\t\t<div class=\"elementor-widget-wrap elementor-element-populated\">\n\t\t\t\t\t\t<div class=\"elementor-element elementor-element-098c518 elementor-align-center elementor-widget elementor-widget-button\" data-id=\"098c518\" data-element_type=\"widget\" data-e-type=\"widget\" data-widget_type=\"button.default\">\n\t\t\t\t<div class=\"elementor-widget-container\">\n\t\t\t\t\t\t\t\t\t<div class=\"elementor-button-wrapper\">\n\t\t\t\t\t<a class=\"elementor-button elementor-button-link elementor-size-sm\" href=\"https:\/\/theoddity.eu\/es\/collections\/oceancoll\/products\/beauty\" target=\"_blank\" rel=\"nofollow noopener\">\n\t\t\t\t\t\t<span class=\"elementor-button-content-wrapper\">\n\t\t\t\t\t\t\t\t\t<span class=\"elementor-button-text\">COMPRAR<\/span>\n\t\t\t\t\t<\/span>\n\t\t\t\t\t<\/a>\n\t\t\t\t<\/div>\n\t\t\t\t\t\t\t\t<\/div>\n\t\t\t\t<\/div>\n\t\t\t\t\t<\/div>\n\t\t<\/div>\n\t\t\t\t\t<\/div>\n\t\t<\/section>\n\t\t\t\t<section class=\"elementor-section elementor-inner-section elementor-element elementor-element-419d724 cajacolores elementor-section-boxed elementor-section-height-default elementor-section-height-default\" data-id=\"419d724\" data-element_type=\"section\" data-e-type=\"section\">\n\t\t\t\t\t\t<div class=\"elementor-container elementor-column-gap-default\">\n\t\t\t\t\t<div class=\"elementor-column elementor-col-50 elementor-inner-column elementor-element elementor-element-152c555\" data-id=\"152c555\" data-element_type=\"column\" data-e-type=\"column\" data-settings=\"{&quot;background_background&quot;:&quot;classic&quot;}\">\n\t\t\t<div class=\"elementor-widget-wrap elementor-element-populated\">\n\t\t\t\t\t\t<div class=\"elementor-element elementor-element-2f7822f elementor-widget elementor-widget-heading\" data-id=\"2f7822f\" data-element_type=\"widget\" data-e-type=\"widget\" data-widget_type=\"heading.default\">\n\t\t\t\t<div class=\"elementor-widget-container\">\n\t\t\t\t\t<h3 class=\"elementor-heading-title elementor-size-default\">Original<\/h3>\t\t\t\t<\/div>\n\t\t\t\t<\/div>\n\t\t\t\t<div class=\"elementor-element elementor-element-e9e4f5a elementor-widget elementor-widget-heading\" data-id=\"e9e4f5a\" data-element_type=\"widget\" data-e-type=\"widget\" data-widget_type=\"heading.default\">\n\t\t\t\t<div class=\"elementor-widget-container\">\n\t\t\t\t\t<h3 class=\"elementor-heading-title elementor-size-default\">Col\u00e1geno Hidrolizado Puro Tipo I + Vitamina C<\/h3>\t\t\t\t<\/div>\n\t\t\t\t<\/div>\n\t\t\t\t<div class=\"elementor-element elementor-element-5afb133 textcaixa elementor-widget elementor-widget-text-editor\" data-id=\"5afb133\" data-element_type=\"widget\" data-e-type=\"widget\" data-widget_type=\"text-editor.default\">\n\t\t\t\t<div class=\"elementor-widget-container\">\n\t\t\t\t\t\t\t\t\tRegenera los niveles de producci\u00f3n de col\u00e1geno y mant\u00e9n una piel, cabello, u\u00f1as, articulaciones y huesos sanos.\t\t\t\t\t\t\t\t<\/div>\n\t\t\t\t<\/div>\n\t\t\t\t\t<\/div>\n\t\t<\/div>\n\t\t\t\t<div class=\"elementor-column elementor-col-50 elementor-inner-column elementor-element elementor-element-a2e596a\" data-id=\"a2e596a\" data-element_type=\"column\" data-e-type=\"column\" data-settings=\"{&quot;background_background&quot;:&quot;classic&quot;}\">\n\t\t\t<div class=\"elementor-widget-wrap elementor-element-populated\">\n\t\t\t\t\t\t<div class=\"elementor-element elementor-element-2c2dca5 elementor-widget elementor-widget-heading\" data-id=\"2c2dca5\" data-element_type=\"widget\" data-e-type=\"widget\" data-widget_type=\"heading.default\">\n\t\t\t\t<div class=\"elementor-widget-container\">\n\t\t\t\t\t<h3 class=\"elementor-heading-title elementor-size-default\">Beauty<\/h3>\t\t\t\t<\/div>\n\t\t\t\t<\/div>\n\t\t\t\t<div class=\"elementor-element elementor-element-d9f540a elementor-widget elementor-widget-heading\" data-id=\"d9f540a\" data-element_type=\"widget\" data-e-type=\"widget\" data-widget_type=\"heading.default\">\n\t\t\t\t<div class=\"elementor-widget-container\">\n\t\t\t\t\t<h3 class=\"elementor-heading-title elementor-size-default\">Col\u00e1geno Hidrolizado Puro Tipo I + Vitamina C, \u00c1cido Hialur\u00f3nico, Biotina y Zinc<\/h3>\t\t\t\t<\/div>\n\t\t\t\t<\/div>\n\t\t\t\t<div class=\"elementor-element elementor-element-bbf5389 textcaixa elementor-widget elementor-widget-text-editor\" data-id=\"bbf5389\" data-element_type=\"widget\" data-e-type=\"widget\" data-widget_type=\"text-editor.default\">\n\t\t\t\t<div class=\"elementor-widget-container\">\n\t\t\t\t\t\t\t\t\tTu aliado antienvejecimiento ideal para la firmeza de la piel, ayuda para reducir las arrugas y reparar el cabello.\t\t\t\t\t\t\t\t<\/div>\n\t\t\t\t<\/div>\n\t\t\t\t\t<\/div>\n\t\t<\/div>\n\t\t\t\t\t<\/div>\n\t\t<\/section>\n\t\t\t\t\t<\/div>\n\t\t<\/div>\n\t\t\t\t\t<\/div>\n\t\t<\/section>\n\t\t\t\t<\/div>\n\t\t","protected":false},"excerpt":{"rendered":"<p>Prote\u00edna de col\u00e1geno marino hidrolizado para una piel, cabello, u\u00f1as, articulaciones y huesos sanos Por qu\u00e9 elegir Oceancoll Siente la llamada del oc\u00e9ano Oceancoll es una prote\u00edna de col\u00e1geno marino hidrolizado hecho de la piel de pescado salvaje capturado de manera sostenible. Esta prote\u00edna marina contiene peque\u00f1os p\u00e9ptidos de bajo peso molecular que son altamente [&hellip;]<\/p>\n","protected":false},"author":5,"featured_media":0,"parent":0,"menu_order":0,"comment_status":"closed","ping_status":"closed","template":"elementor_header_footer","meta":{"footnotes":""},"class_list":["post-5032","page","type-page","status-publish","hentry","article","article--blog-post"],"_links":{"self":[{"href":"https:\/\/oceancoll.com\/es\/wp-json\/wp\/v2\/pages\/5032","targetHints":{"allow":["GET"]}}],"collection":[{"href":"https:\/\/oceancoll.com\/es\/wp-json\/wp\/v2\/pages"}],"about":[{"href":"https:\/\/oceancoll.com\/es\/wp-json\/wp\/v2\/types\/page"}],"author":[{"embeddable":true,"href":"https:\/\/oceancoll.com\/es\/wp-json\/wp\/v2\/users\/5"}],"replies":[{"embeddable":true,"href":"https:\/\/oceancoll.com\/es\/wp-json\/wp\/v2\/comments?post=5032"}],"version-history":[{"count":83,"href":"https:\/\/oceancoll.com\/es\/wp-json\/wp\/v2\/pages\/5032\/revisions"}],"predecessor-version":[{"id":7976,"href":"https:\/\/oceancoll.com\/es\/wp-json\/wp\/v2\/pages\/5032\/revisions\/7976"}],"wp:attachment":[{"href":"https:\/\/oceancoll.com\/es\/wp-json\/wp\/v2\/media?parent=5032"}],"curies":[{"name":"wp","href":"https:\/\/api.w.org\/{rel}","templated":true}]}}