{"id":5514,"date":"2021-06-17T13:22:54","date_gmt":"2021-06-17T11:22:54","guid":{"rendered":"https:\/\/oceancoll.com\/?page_id=5514"},"modified":"2021-06-23T10:32:06","modified_gmt":"2021-06-23T08:32:06","slug":"faq-2021","status":"publish","type":"page","link":"https:\/\/oceancoll.com\/es\/faq-2021\/","title":{"rendered":"FAQ 2021"},"content":{"rendered":"\t\t<div data-elementor-type=\"wp-post\" data-elementor-id=\"5514\" class=\"elementor elementor-5514 elementor-5513\" data-elementor-post-type=\"page\">\n\t\t\t\t\t\t<section class=\"elementor-section elementor-top-section elementor-element elementor-element-de7bdf1 elementor-section-full_width elementor-section-height-default elementor-section-height-default\" data-id=\"de7bdf1\" data-element_type=\"section\" data-e-type=\"section\" data-settings=\"{&quot;background_background&quot;:&quot;classic&quot;}\">\n\t\t\t\t\t\t<div class=\"elementor-container elementor-column-gap-no\">\n\t\t\t\t\t<div class=\"elementor-column elementor-col-100 elementor-top-column elementor-element elementor-element-efe30c4\" data-id=\"efe30c4\" data-element_type=\"column\" data-e-type=\"column\">\n\t\t\t<div class=\"elementor-widget-wrap elementor-element-populated\">\n\t\t\t\t\t\t<div class=\"elementor-element elementor-element-bfefd11 elementor-widget elementor-widget-heading\" data-id=\"bfefd11\" data-element_type=\"widget\" data-e-type=\"widget\" data-widget_type=\"heading.default\">\n\t\t\t\t<div class=\"elementor-widget-container\">\n\t\t\t\t\t<h1 class=\"elementor-heading-title elementor-size-default\">Preguntas frequentes<\/h1>\t\t\t\t<\/div>\n\t\t\t\t<\/div>\n\t\t\t\t\t<\/div>\n\t\t<\/div>\n\t\t\t\t\t<\/div>\n\t\t<\/section>\n\t\t\t\t<section class=\"elementor-section elementor-top-section elementor-element elementor-element-28558166 elementor-section-boxed elementor-section-height-default elementor-section-height-default\" data-id=\"28558166\" data-element_type=\"section\" data-e-type=\"section\" data-settings=\"{&quot;background_background&quot;:&quot;classic&quot;}\">\n\t\t\t\t\t\t\t<div class=\"elementor-background-overlay\"><\/div>\n\t\t\t\t\t\t\t<div class=\"elementor-container elementor-column-gap-default\">\n\t\t\t\t\t<div class=\"elementor-column elementor-col-50 elementor-top-column elementor-element elementor-element-67e2f0fb\" data-id=\"67e2f0fb\" data-element_type=\"column\" data-e-type=\"column\">\n\t\t\t<div class=\"elementor-widget-wrap\">\n\t\t\t\t\t\t\t<\/div>\n\t\t<\/div>\n\t\t\t\t<div class=\"elementor-column elementor-col-50 elementor-top-column elementor-element elementor-element-2ef777ca\" data-id=\"2ef777ca\" data-element_type=\"column\" data-e-type=\"column\">\n\t\t\t<div class=\"elementor-widget-wrap elementor-element-populated\">\n\t\t\t\t\t\t<div class=\"elementor-element elementor-element-3276010c elementor-widget elementor-widget-heading\" data-id=\"3276010c\" data-element_type=\"widget\" data-e-type=\"widget\" id=\"marine-collagen\" data-widget_type=\"heading.default\">\n\t\t\t\t<div class=\"elementor-widget-container\">\n\t\t\t\t\t<h2 class=\"elementor-heading-title elementor-size-default\">Col\u00e1geno Marino<\/h2>\t\t\t\t<\/div>\n\t\t\t\t<\/div>\n\t\t\t\t<div class=\"elementor-element elementor-element-6e1c266c elementor-widget elementor-widget-heading\" data-id=\"6e1c266c\" data-element_type=\"widget\" data-e-type=\"widget\" data-widget_type=\"heading.default\">\n\t\t\t\t<div class=\"elementor-widget-container\">\n\t\t\t\t\t<h5 class=\"elementor-heading-title elementor-size-default\">\u00bfQu\u00e9 es el col\u00e1geno?<\/h5>\t\t\t\t<\/div>\n\t\t\t\t<\/div>\n\t\t\t\t<div class=\"elementor-element elementor-element-303ee0d elementor-widget elementor-widget-heading\" data-id=\"303ee0d\" data-element_type=\"widget\" data-e-type=\"widget\" data-widget_type=\"heading.default\">\n\t\t\t\t<div class=\"elementor-widget-container\">\n\t\t\t\t\t<p class=\"elementor-heading-title elementor-size-default\">El col\u00e1geno es un componente principal del cuerpo humano que representa entre el 25 y el 30 por ciento del total de las prote\u00ednas del cuerpo. Es esencial en la reparaci\u00f3n de componentes estructurales como tendones, cart\u00edlagos, ligamentos, huesos y tejidos de la piel. El col\u00e1geno tambi\u00e9n es importante para la salud del cabello y las u\u00f1as, y es abundante en la c\u00f3rnea, los vasos sangu\u00edneos y los intestinos.<\/p>\t\t\t\t<\/div>\n\t\t\t\t<\/div>\n\t\t\t\t<div class=\"elementor-element elementor-element-5929c9c1 elementor-widget elementor-widget-heading\" data-id=\"5929c9c1\" data-element_type=\"widget\" data-e-type=\"widget\" data-widget_type=\"heading.default\">\n\t\t\t\t<div class=\"elementor-widget-container\">\n\t\t\t\t\t<h5 class=\"elementor-heading-title elementor-size-default\">\u00bfQu\u00e9 tipos de col\u00e1geno contiene su producto?<\/h5>\t\t\t\t<\/div>\n\t\t\t\t<\/div>\n\t\t\t\t<div class=\"elementor-element elementor-element-1e1c3f7b elementor-widget elementor-widget-heading\" data-id=\"1e1c3f7b\" data-element_type=\"widget\" data-e-type=\"widget\" data-widget_type=\"heading.default\">\n\t\t\t\t<div class=\"elementor-widget-container\">\n\t\t\t\t\t<p class=\"elementor-heading-title elementor-size-default\">El col\u00e1geno marino comprende principalmente col\u00e1geno de tipo I. El col\u00e1geno de tipo I es el tipo de col\u00e1geno m\u00e1s abundante en el cuerpo humano, y representa hasta el 85% del col\u00e1geno total de la piel.<\/p>\t\t\t\t<\/div>\n\t\t\t\t<\/div>\n\t\t\t\t<div class=\"elementor-element elementor-element-2bcc5959 elementor-widget elementor-widget-heading\" data-id=\"2bcc5959\" data-element_type=\"widget\" data-e-type=\"widget\" data-widget_type=\"heading.default\">\n\t\t\t\t<div class=\"elementor-widget-container\">\n\t\t\t\t\t<h5 class=\"elementor-heading-title elementor-size-default\">\u00bfCu\u00e1les son los beneficios del col\u00e1geno marino hidrolizado?<\/h5>\t\t\t\t<\/div>\n\t\t\t\t<\/div>\n\t\t\t\t<div class=\"elementor-element elementor-element-4cc07a1d elementor-widget elementor-widget-heading\" data-id=\"4cc07a1d\" data-element_type=\"widget\" data-e-type=\"widget\" data-widget_type=\"heading.default\">\n\t\t\t\t<div class=\"elementor-widget-container\">\n\t\t\t\t\t<p class=\"elementor-heading-title elementor-size-default\">Las investigaciones cl\u00ednicas han demostrado que la ingesta diaria de col\u00e1geno marino hidrolizado contribuye a:<br><br>1. Ralentizar y mejorar los signos del envejecimiento<br>2. Efectos antiinflamatorios y reducci\u00f3n del dolor articular <br>3. Aumento de la hidrataci\u00f3n y la flexibilidad de la piel<br>4. Reducci\u00f3n de arrugas<br>5. Cabello sano y u\u00f1as m\u00e1s fuertes<br> 6. La regeneraci\u00f3n del m\u00fasculo magro y la mejora de la circulaci\u00f3n<br>7. Mejora de la salud de las articulaciones y de la curaci\u00f3n de los huesos<br>8. Mejora de la recuperaci\u00f3n despu\u00e9s del ejercicio<\/p>\t\t\t\t<\/div>\n\t\t\t\t<\/div>\n\t\t\t\t<div class=\"elementor-element elementor-element-bfda0bc elementor-widget elementor-widget-heading\" data-id=\"bfda0bc\" data-element_type=\"widget\" data-e-type=\"widget\" data-widget_type=\"heading.default\">\n\t\t\t\t<div class=\"elementor-widget-container\">\n\t\t\t\t\t<h5 class=\"elementor-heading-title elementor-size-default\">\u00bfCu\u00e1l es el origen de su col\u00e1geno?<\/h5>\t\t\t\t<\/div>\n\t\t\t\t<\/div>\n\t\t\t\t<div class=\"elementor-element elementor-element-884e88b elementor-widget elementor-widget-heading\" data-id=\"884e88b\" data-element_type=\"widget\" data-e-type=\"widget\" data-widget_type=\"heading.default\">\n\t\t\t\t<div class=\"elementor-widget-container\">\n\t\t\t\t\t<p class=\"elementor-heading-title elementor-size-default\">Oceancoll se produce a partir de pescado de aguas profundas y fr\u00edas capturado en estado salvaje y obtenido de forma sostenible para evitar la exposici\u00f3n a antibi\u00f3ticos u hormonas, como ocurre con los productos procedentes de animales o peces de granja.<\/p>\t\t\t\t<\/div>\n\t\t\t\t<\/div>\n\t\t\t\t<div class=\"elementor-element elementor-element-37a6ce7 elementor-widget elementor-widget-heading\" data-id=\"37a6ce7\" data-element_type=\"widget\" data-e-type=\"widget\" data-widget_type=\"heading.default\">\n\t\t\t\t<div class=\"elementor-widget-container\">\n\t\t\t\t\t<h5 class=\"elementor-heading-title elementor-size-default\">\u00bfQu\u00e9 certificados garantizan la calidad de su producto? <\/h5>\t\t\t\t<\/div>\n\t\t\t\t<\/div>\n\t\t\t\t<div class=\"elementor-element elementor-element-b3b5a1a elementor-widget elementor-widget-heading\" data-id=\"b3b5a1a\" data-element_type=\"widget\" data-e-type=\"widget\" data-widget_type=\"heading.default\">\n\t\t\t\t<div class=\"elementor-widget-container\">\n\t\t\t\t\t<p class=\"elementor-heading-title elementor-size-default\">Oceancoll utiliza sustancias procedentes de pescado salvaje de aguas profundas de pesquer\u00edas sostenibles. Nuestro producto est\u00e1 certificado Halal y contiene no OGMs.<\/p>\t\t\t\t<\/div>\n\t\t\t\t<\/div>\n\t\t\t\t<div class=\"elementor-element elementor-element-50033df elementor-widget elementor-widget-heading\" data-id=\"50033df\" data-element_type=\"widget\" data-e-type=\"widget\" data-widget_type=\"heading.default\">\n\t\t\t\t<div class=\"elementor-widget-container\">\n\t\t\t\t\t<h5 class=\"elementor-heading-title elementor-size-default\">\u00bfSu producto es analizado por terceros?<\/h5>\t\t\t\t<\/div>\n\t\t\t\t<\/div>\n\t\t\t\t<div class=\"elementor-element elementor-element-64f85c4 elementor-widget elementor-widget-heading\" data-id=\"64f85c4\" data-element_type=\"widget\" data-e-type=\"widget\" data-widget_type=\"heading.default\">\n\t\t\t\t<div class=\"elementor-widget-container\">\n\t\t\t\t\t<h5 class=\"elementor-heading-title elementor-size-default\">Nuestro col\u00e1geno marino es rigurosamente analizado por laboratorios de terceros para asegurar su calidad y seguridad. <\/h5>\t\t\t\t<\/div>\n\t\t\t\t<\/div>\n\t\t\t\t<div class=\"elementor-element elementor-element-78cda979 elementor-widget-divider--view-line elementor-widget elementor-widget-divider\" data-id=\"78cda979\" data-element_type=\"widget\" data-e-type=\"widget\" data-widget_type=\"divider.default\">\n\t\t\t\t<div class=\"elementor-widget-container\">\n\t\t\t\t\t\t\t<div class=\"elementor-divider\">\n\t\t\t<span class=\"elementor-divider-separator\">\n\t\t\t\t\t\t<\/span>\n\t\t<\/div>\n\t\t\t\t\t\t<\/div>\n\t\t\t\t<\/div>\n\t\t\t\t<div class=\"elementor-element elementor-element-64d9027 elementor-widget elementor-widget-heading\" data-id=\"64d9027\" data-element_type=\"widget\" data-e-type=\"widget\" id=\"considerations\" data-widget_type=\"heading.default\">\n\t\t\t\t<div class=\"elementor-widget-container\">\n\t\t\t\t\t<h2 class=\"elementor-heading-title elementor-size-default\">Consideraciones<\/h2>\t\t\t\t<\/div>\n\t\t\t\t<\/div>\n\t\t\t\t<div class=\"elementor-element elementor-element-b203b3b elementor-widget elementor-widget-heading\" data-id=\"b203b3b\" data-element_type=\"widget\" data-e-type=\"widget\" data-widget_type=\"heading.default\">\n\t\t\t\t<div class=\"elementor-widget-container\">\n\t\t\t\t\t<h5 class=\"elementor-heading-title elementor-size-default\">\u00bfPuedo tomar col\u00e1geno de pescado si tengo una alergia a los mariscos? <\/h5>\t\t\t\t<\/div>\n\t\t\t\t<\/div>\n\t\t\t\t<div class=\"elementor-element elementor-element-23e1cc22 elementor-widget elementor-widget-heading\" data-id=\"23e1cc22\" data-element_type=\"widget\" data-e-type=\"widget\" data-widget_type=\"heading.default\">\n\t\t\t\t<div class=\"elementor-widget-container\">\n\t\t\t\t\t<h5 class=\"elementor-heading-title elementor-size-default\">Nuestro Col\u00e1geno Marino Hidrolizado (que est\u00e1 hecho de pescado y no de mariscos) tiene una baja alergenicidad. Sin embargo, recomendamos consultar a su m\u00e9dico antes de tomar este producto.<\/h5>\t\t\t\t<\/div>\n\t\t\t\t<\/div>\n\t\t\t\t<div class=\"elementor-element elementor-element-7d5e2a44 elementor-widget elementor-widget-heading\" data-id=\"7d5e2a44\" data-element_type=\"widget\" data-e-type=\"widget\" data-widget_type=\"heading.default\">\n\t\t\t\t<div class=\"elementor-widget-container\">\n\t\t\t\t\t<h5 class=\"elementor-heading-title elementor-size-default\">\u00bfPuedo tomar col\u00e1geno de pescado mientras tomo medicamentos?<\/h5>\t\t\t\t<\/div>\n\t\t\t\t<\/div>\n\t\t\t\t<div class=\"elementor-element elementor-element-c3aae62 elementor-widget elementor-widget-heading\" data-id=\"c3aae62\" data-element_type=\"widget\" data-e-type=\"widget\" data-widget_type=\"heading.default\">\n\t\t\t\t<div class=\"elementor-widget-container\">\n\t\t\t\t\t<p class=\"elementor-heading-title elementor-size-default\">Los casos pueden variar mucho con respecto a la medicaci\u00f3n prescrita. Siempre consulte a su m\u00e9dico antes de usar este producto.<\/p>\t\t\t\t<\/div>\n\t\t\t\t<\/div>\n\t\t\t\t<div class=\"elementor-element elementor-element-7de71d1c elementor-widget elementor-widget-heading\" data-id=\"7de71d1c\" data-element_type=\"widget\" data-e-type=\"widget\" data-widget_type=\"heading.default\">\n\t\t\t\t<div class=\"elementor-widget-container\">\n\t\t\t\t\t<h5 class=\"elementor-heading-title elementor-size-default\">\u00bfEs el col\u00e1geno de pescado seguro para la lactancia y las mujeres embarazadas?<\/h5>\t\t\t\t<\/div>\n\t\t\t\t<\/div>\n\t\t\t\t<div class=\"elementor-element elementor-element-12906c34 elementor-widget elementor-widget-heading\" data-id=\"12906c34\" data-element_type=\"widget\" data-e-type=\"widget\" data-widget_type=\"heading.default\">\n\t\t\t\t<div class=\"elementor-widget-container\">\n\t\t\t\t\t<p class=\"elementor-heading-title elementor-size-default\">Siempre consulte a su m\u00e9dico antes de tomar este producto.<\/p>\t\t\t\t<\/div>\n\t\t\t\t<\/div>\n\t\t\t\t<div class=\"elementor-element elementor-element-24ad2874 elementor-widget-divider--view-line elementor-widget elementor-widget-divider\" data-id=\"24ad2874\" data-element_type=\"widget\" data-e-type=\"widget\" data-widget_type=\"divider.default\">\n\t\t\t\t<div class=\"elementor-widget-container\">\n\t\t\t\t\t\t\t<div class=\"elementor-divider\">\n\t\t\t<span class=\"elementor-divider-separator\">\n\t\t\t\t\t\t<\/span>\n\t\t<\/div>\n\t\t\t\t\t\t<\/div>\n\t\t\t\t<\/div>\n\t\t\t\t<div class=\"elementor-element elementor-element-1f2b7714 elementor-widget elementor-widget-heading\" data-id=\"1f2b7714\" data-element_type=\"widget\" data-e-type=\"widget\" id=\"usage\" data-widget_type=\"heading.default\">\n\t\t\t\t<div class=\"elementor-widget-container\">\n\t\t\t\t\t<h2 class=\"elementor-heading-title elementor-size-default\">Uso<\/h2>\t\t\t\t<\/div>\n\t\t\t\t<\/div>\n\t\t\t\t<div class=\"elementor-element elementor-element-3a11507d elementor-widget elementor-widget-heading\" data-id=\"3a11507d\" data-element_type=\"widget\" data-e-type=\"widget\" data-widget_type=\"heading.default\">\n\t\t\t\t<div class=\"elementor-widget-container\">\n\t\t\t\t\t<h5 class=\"elementor-heading-title elementor-size-default\">\u00bfCu\u00e1l es la ingesta diaria recomendada?<\/h5>\t\t\t\t<\/div>\n\t\t\t\t<\/div>\n\t\t\t\t<div class=\"elementor-element elementor-element-510c3868 elementor-widget elementor-widget-heading\" data-id=\"510c3868\" data-element_type=\"widget\" data-e-type=\"widget\" data-widget_type=\"heading.default\">\n\t\t\t\t<div class=\"elementor-widget-container\">\n\t\t\t\t\t<p class=\"elementor-heading-title elementor-size-default\">Recomendamos tomar una cucharada sopera colmada (5 g) al d\u00eda.<\/p>\t\t\t\t<\/div>\n\t\t\t\t<\/div>\n\t\t\t\t<div class=\"elementor-element elementor-element-14ef02d4 elementor-widget elementor-widget-heading\" data-id=\"14ef02d4\" data-element_type=\"widget\" data-e-type=\"widget\" data-widget_type=\"heading.default\">\n\t\t\t\t<div class=\"elementor-widget-container\">\n\t\t\t\t\t<h5 class=\"elementor-heading-title elementor-size-default\">\u00bfC\u00f3mo utilizo el col\u00e1geno hidrolizado?<\/h5>\t\t\t\t<\/div>\n\t\t\t\t<\/div>\n\t\t\t\t<div class=\"elementor-element elementor-element-7da275b2 elementor-widget elementor-widget-heading\" data-id=\"7da275b2\" data-element_type=\"widget\" data-e-type=\"widget\" data-widget_type=\"heading.default\">\n\t\t\t\t<div class=\"elementor-widget-container\">\n\t\t\t\t\t<p class=\"elementor-heading-title elementor-size-default\">Mezcle una cucharada en su bebida o comida favorita y m\u00e9zclelo bien hasta que se disuelva. A\u00f1ada su col\u00e1geno a: agua, caf\u00e9, t\u00e9, yogurt, batidos, jugos o sopas. \u00a1Tambi\u00e9n puedes hacer tus propios bocadillos energ\u00e9ticos personalizados!<\/p>\t\t\t\t<\/div>\n\t\t\t\t<\/div>\n\t\t\t\t<div class=\"elementor-element elementor-element-7e1644c5 elementor-widget elementor-widget-heading\" data-id=\"7e1644c5\" data-element_type=\"widget\" data-e-type=\"widget\" data-widget_type=\"heading.default\">\n\t\t\t\t<div class=\"elementor-widget-container\">\n\t\t\t\t\t<h5 class=\"elementor-heading-title elementor-size-default\">Se hace grumo en la mezcla?<\/h5>\t\t\t\t<\/div>\n\t\t\t\t<\/div>\n\t\t\t\t<div class=\"elementor-element elementor-element-24fcb973 elementor-widget elementor-widget-heading\" data-id=\"24fcb973\" data-element_type=\"widget\" data-e-type=\"widget\" data-widget_type=\"heading.default\">\n\t\t\t\t<div class=\"elementor-widget-container\">\n\t\t\t\t\t<p class=\"elementor-heading-title elementor-size-default\">Nuestro col\u00e1geno de pescado se disuelve completamente en l\u00edquidos calientes o fr\u00edos.  Sin embargo, sugerimos mezclar nuestro col\u00e1geno en l\u00edquidos a temperatura ambiente para asegurar una solubilidad \u00f3ptima.<\/p>\t\t\t\t<\/div>\n\t\t\t\t<\/div>\n\t\t\t\t\t<\/div>\n\t\t<\/div>\n\t\t\t\t\t<\/div>\n\t\t<\/section>\n\t\t\t\t<\/div>\n\t\t","protected":false},"excerpt":{"rendered":"<p>Preguntas frequentes Quick links About our collagen Some considerations User guide Col\u00e1geno Marino \u00bfQu\u00e9 es el col\u00e1geno? El col\u00e1geno es un componente principal del cuerpo humano que representa entre el 25 y el 30 por ciento del total de las prote\u00ednas del cuerpo. Es esencial en la reparaci\u00f3n de componentes estructurales como tendones, cart\u00edlagos, ligamentos, [&hellip;]<\/p>\n","protected":false},"author":5,"featured_media":4670,"parent":0,"menu_order":0,"comment_status":"closed","ping_status":"closed","template":"elementor_header_footer","meta":{"footnotes":""},"class_list":["post-5514","page","type-page","status-publish","has-post-thumbnail","hentry","article","article--blog-post"],"_links":{"self":[{"href":"https:\/\/oceancoll.com\/es\/wp-json\/wp\/v2\/pages\/5514","targetHints":{"allow":["GET"]}}],"collection":[{"href":"https:\/\/oceancoll.com\/es\/wp-json\/wp\/v2\/pages"}],"about":[{"href":"https:\/\/oceancoll.com\/es\/wp-json\/wp\/v2\/types\/page"}],"author":[{"embeddable":true,"href":"https:\/\/oceancoll.com\/es\/wp-json\/wp\/v2\/users\/5"}],"replies":[{"embeddable":true,"href":"https:\/\/oceancoll.com\/es\/wp-json\/wp\/v2\/comments?post=5514"}],"version-history":[{"count":10,"href":"https:\/\/oceancoll.com\/es\/wp-json\/wp\/v2\/pages\/5514\/revisions"}],"predecessor-version":[{"id":6102,"href":"https:\/\/oceancoll.com\/es\/wp-json\/wp\/v2\/pages\/5514\/revisions\/6102"}],"wp:featuredmedia":[{"embeddable":true,"href":"https:\/\/oceancoll.com\/es\/wp-json\/wp\/v2\/media\/4670"}],"wp:attachment":[{"href":"https:\/\/oceancoll.com\/es\/wp-json\/wp\/v2\/media?parent=5514"}],"curies":[{"name":"wp","href":"https:\/\/api.w.org\/{rel}","templated":true}]}}